{"id":123,"date":"2022-07-01T17:38:22","date_gmt":"2022-07-01T15:38:22","guid":{"rendered":"https:\/\/www.bs-hof.de\/?page_id=123"},"modified":"2026-01-07T13:31:06","modified_gmt":"2026-01-07T12:31:06","slug":"berufsfachschule-fuer-informatik","status":"publish","type":"page","link":"https:\/\/www.bs-hof.de\/index.php\/berufsfachschule-fuer-informatik\/","title":{"rendered":"Berufsfachschule f\u00fcr Informatik"},"content":{"rendered":"<p>[et_pb_section fb_built=&#8220;1&#8243; admin_label=&#8220;Gr\u00fcner Balken&#8220; _builder_version=&#8220;4.17.4&#8243; _module_preset=&#8220;default&#8220; background_color=&#8220;#A7C520&#8243; height=&#8220;3vh&#8220; custom_margin=&#8220;0px|0px|0px|0px|false|false&#8220; custom_padding=&#8220;0px|0px|0px|0px|false|false&#8220; da_disable_devices=&#8220;off|off|off&#8220; collapsed=&#8220;on&#8220; global_colors_info=&#8220;{}&#8220; da_is_popup=&#8220;off&#8220; da_exit_intent=&#8220;off&#8220; da_has_close=&#8220;on&#8220; da_alt_close=&#8220;off&#8220; da_dark_close=&#8220;off&#8220; da_not_modal=&#8220;on&#8220; da_is_singular=&#8220;off&#8220; da_with_loader=&#8220;off&#8220; da_has_shadow=&#8220;on&#8220;][\/et_pb_section][et_pb_section fb_built=&#8220;1&#8243; make_equal=&#8220;on&#8220; specialty=&#8220;on&#8220; admin_label=&#8220;Titel&#8220; _builder_version=&#8220;4.17.4&#8243; _module_preset=&#8220;default&#8220; use_background_color_gradient=&#8220;on&#8220; background_color_gradient_type=&#8220;elliptical&#8220; background_color_gradient_direction_radial=&#8220;bottom right&#8220; background_color_gradient_stops=&#8220;#f5f6f8 10%|#dce8a7 47%|#f5f6d4 72%&#8220; background_color_gradient_overlays_image=&#8220;on&#8220; background_color_gradient_start=&#8220;rgba(40,40,40,0.79)&#8220; background_color_gradient_end=&#8220;rgba(40,40,40,0.86)&#8220; background_enable_image=&#8220;off&#8220; background_enable_pattern_style=&#8220;on&#8220; background_pattern_style=&#8220;crosses&#8220; background_pattern_color=&#8220;rgba(0,0,0,0.05)&#8220; background_pattern_size=&#8220;custom&#8220; background_pattern_width=&#8220;53px&#8220; width=&#8220;100%&#8220; inner_width=&#8220;100%&#8220; inner_max_width=&#8220;80vw&#8220; custom_margin=&#8220;||||false&#8220; custom_padding=&#8220;1vw||1vw||true|false&#8220; da_disable_devices=&#8220;off|off|off&#8220; collapsed=&#8220;on&#8220; global_colors_info=&#8220;{}&#8220; da_is_popup=&#8220;off&#8220; da_exit_intent=&#8220;off&#8220; da_has_close=&#8220;on&#8220; da_alt_close=&#8220;off&#8220; da_dark_close=&#8220;off&#8220; da_not_modal=&#8220;on&#8220; da_is_singular=&#8220;off&#8220; da_with_loader=&#8220;off&#8220; da_has_shadow=&#8220;on&#8220;][et_pb_column type=&#8220;2_3&#8243; specialty_columns=&#8220;2&#8243; _builder_version=&#8220;4.16&#8243; custom_padding=&#8220;|||&#8220; global_colors_info=&#8220;{}&#8220; custom_padding__hover=&#8220;|||&#8220;][et_pb_row_inner _builder_version=&#8220;4.17.4&#8243; _module_preset=&#8220;default&#8220; width=&#8220;80%&#8220; global_colors_info=&#8220;{}&#8220;][et_pb_column_inner saved_specialty_column_type=&#8220;2_3&#8243; _builder_version=&#8220;4.17.4&#8243; _module_preset=&#8220;default&#8220; global_colors_info=&#8220;{}&#8220;][et_pb_text _builder_version=&#8220;4.18.0&#8243; _module_preset=&#8220;default&#8220; header_font=&#8220;|800|||||||&#8220; header_text_color=&#8220;#493F0B&#8220; header_font_size=&#8220;5em&#8220; header_font_size_tablet=&#8220;5em&#8220; header_font_size_phone=&#8220;3em&#8220; header_font_size_last_edited=&#8220;on|phone&#8220; global_colors_info=&#8220;{}&#8220;]<\/p>\n<h1>Berufs<br class=\"b-brk\" \/>fachschule f\u00fcr Informatik<\/h1>\n<p>[\/et_pb_text][\/et_pb_column_inner][\/et_pb_row_inner][\/et_pb_column][et_pb_column type=&#8220;1_3&#8243; _builder_version=&#8220;4.16&#8243; custom_padding=&#8220;|||&#8220; global_colors_info=&#8220;{}&#8220; custom_padding__hover=&#8220;|||&#8220;][\/et_pb_column][\/et_pb_section][et_pb_section fb_built=&#8220;1&#8243; _builder_version=&#8220;4.17.4&#8243; _module_preset=&#8220;default&#8220; background_color=&#8220;#F5F6F8&#8243; position_origin_f=&#8220;top_center&#8220; z_index=&#8220;500&#8243; custom_padding=&#8220;0px||0px||false|false&#8220; sticky_position=&#8220;top&#8220; custom_css_main_element=&#8220;position: sticky;||top: 30px;&#8220; da_disable_devices=&#8220;off|off|off&#8220; global_colors_info=&#8220;{}&#8220; da_is_popup=&#8220;off&#8220; da_exit_intent=&#8220;off&#8220; da_has_close=&#8220;on&#8220; da_alt_close=&#8220;off&#8220; da_dark_close=&#8220;off&#8220; da_not_modal=&#8220;on&#8220; da_is_singular=&#8220;off&#8220; da_with_loader=&#8220;off&#8220; da_has_shadow=&#8220;on&#8220;][et_pb_row column_structure=&#8220;1_4,1_4,1_4,1_4&#8243; _builder_version=&#8220;4.17.4&#8243; _module_preset=&#8220;default&#8220; global_colors_info=&#8220;{}&#8220;][et_pb_column type=&#8220;1_4&#8243; _builder_version=&#8220;4.17.4&#8243; _module_preset=&#8220;default&#8220; global_colors_info=&#8220;{}&#8220;][et_pb_text _builder_version=&#8220;4.17.4&#8243; _module_preset=&#8220;default&#8220; global_colors_info=&#8220;{}&#8220;]<\/p>\n<p class=\"csc-firstHeader\" style=\"text-align: center;\"><a href=\"index.php\/berufsfachschule-fuer-informatik\/ausbildung-abschluesse\/\"><strong>Ausbildung und Abschl\u00fcsse<\/strong><\/a><\/p>\n<p>[\/et_pb_text][\/et_pb_column][et_pb_column type=&#8220;1_4&#8243; _builder_version=&#8220;4.17.4&#8243; _module_preset=&#8220;default&#8220; global_colors_info=&#8220;{}&#8220;][et_pb_text _builder_version=&#8220;4.19.4&#8243; _module_preset=&#8220;default&#8220; global_colors_info=&#8220;{}&#8220;]<\/p>\n<p style=\"text-align: center;\"><a href=\"https:\/\/www.bs-hof.de\/index.php\/berufsfachschule-fuer-informatik\/die-schule\/\"><strong>Die Schule<\/strong><\/a><\/p>\n<p>[\/et_pb_text][\/et_pb_column][et_pb_column type=&#8220;1_4&#8243; _builder_version=&#8220;4.17.4&#8243; _module_preset=&#8220;default&#8220; global_colors_info=&#8220;{}&#8220;][et_pb_text _builder_version=&#8220;4.17.4&#8243; _module_preset=&#8220;default&#8220; global_colors_info=&#8220;{}&#8220;]<\/p>\n<p style=\"text-align: center;\"><a href=\"index.php\/berufsfachschule-fuer-informatik\/unterricht\/\"><strong>Unterricht<\/strong><\/a><\/p>\n<p>[\/et_pb_text][\/et_pb_column][et_pb_column type=&#8220;1_4&#8243; _builder_version=&#8220;4.17.4&#8243; _module_preset=&#8220;default&#8220; global_colors_info=&#8220;{}&#8220;][et_pb_text _builder_version=&#8220;4.17.4&#8243; _module_preset=&#8220;default&#8220; global_colors_info=&#8220;{}&#8220;]<\/p>\n<p class=\"csc-firstHeader\" style=\"text-align: center;\"><a href=\"index.php\/berufsfachschule-fuer-informatik\/tai-service-team\/\"><strong>TAI Service-Team<\/strong><\/a><\/p>\n<p>[\/et_pb_text][\/et_pb_column][\/et_pb_row][\/et_pb_section][et_pb_section fb_built=&#8220;1&#8243; admin_label=&#8220;Fachbereiche&#8220; _builder_version=&#8220;4.17.4&#8243; _module_preset=&#8220;default&#8220; background_color=&#8220;RGBA(255,255,255,0)&#8220; custom_padding=&#8220;|||&#8220; animation_style=&#8220;slide&#8220; animation_direction=&#8220;top&#8220; animation_intensity_slide=&#8220;10%&#8220; da_disable_devices=&#8220;off|off|off&#8220; box_shadow_style=&#8220;preset3&#8243; box_shadow_vertical=&#8220;10px&#8220; box_shadow_blur=&#8220;105px&#8220; box_shadow_spread=&#8220;0px&#8220; box_shadow_color=&#8220;rgba(0,0,0,0.12)&#8220; collapsed=&#8220;on&#8220; global_colors_info=&#8220;{}&#8220; da_is_popup=&#8220;off&#8220; da_exit_intent=&#8220;off&#8220; da_has_close=&#8220;on&#8220; da_alt_close=&#8220;off&#8220; da_dark_close=&#8220;off&#8220; da_not_modal=&#8220;on&#8220; da_is_singular=&#8220;off&#8220; da_with_loader=&#8220;off&#8220; da_has_shadow=&#8220;on&#8220;][et_pb_row column_structure=&#8220;1_2,1_4,1_4&#8243; make_equal=&#8220;on&#8220; _builder_version=&#8220;4.17.4&#8243; _module_preset=&#8220;default&#8220; background_color=&#8220;RGBA(255,255,255,0)&#8220; max_width=&#8220;80%&#8220; custom_margin=&#8220;|||&#8220; use_custom_width=&#8220;on&#8220; width_unit=&#8220;off&#8220; global_colors_info=&#8220;{}&#8220;][et_pb_column type=&#8220;1_2&#8243; _builder_version=&#8220;4.16&#8243; _module_preset=&#8220;default&#8220; custom_padding=&#8220;|||&#8220; global_colors_info=&#8220;{}&#8220; custom_padding__hover=&#8220;|||&#8220;][et_pb_image src=&#8220;https:\/\/www.bs-hof.de\/wp-content\/uploads\/2026\/01\/InfoAbend-2026.jpg&#8220; title_text=&#8220;InfoAbend 2026&#8243; _builder_version=&#8220;4.27.3&#8243; _module_preset=&#8220;default&#8220; global_colors_info=&#8220;{}&#8220;][\/et_pb_image][et_pb_image title_text=&#8220;Bild Infoabend 2025&#8243; _builder_version=&#8220;4.27.3&#8243; _module_preset=&#8220;default&#8220; min_height=&#8220;222px&#8220; custom_padding=&#8220;||118px|||&#8220; ab_subject=&#8220;on&#8220; ab_subject_id=&#8220;1&#8243; ab_goal=&#8220;on&#8220; global_colors_info=&#8220;{}&#8220;][\/et_pb_image][et_pb_image title_text=&#8220;Startbildschirm mit Aubi 2024 Homepage&#8220; _builder_version=&#8220;4.27.3&#8243; _module_preset=&#8220;default&#8220; hover_enabled=&#8220;0&#8243; ab_subject=&#8220;on&#8220; ab_subject_id=&#8220;2&#8243; ab_goal=&#8220;on&#8220; global_colors_info=&#8220;{}&#8220; sticky_enabled=&#8220;0&#8243;][\/et_pb_image][\/et_pb_column][et_pb_column type=&#8220;1_4&#8243; _builder_version=&#8220;4.16&#8243; _module_preset=&#8220;default&#8220; custom_padding=&#8220;|||&#8220; global_colors_info=&#8220;{}&#8220; custom_padding__hover=&#8220;|||&#8220;][et_pb_text _builder_version=&#8220;4.17.4&#8243; _module_preset=&#8220;default&#8220; global_colors_info=&#8220;{}&#8220;]<\/p>\n<p><b>Herzlich Willkommen auf unserer Homepage!<\/b><\/p>\n<p><span>Sie interessieren sich f\u00fcr technische Berufe, Computertechnik und Programmentwicklung?<\/span><br \/><span>Dann sind Sie bei uns genau richtig. Starten Sie jetzt eine Ausbildung zum Technischen Assistenten f\u00fcr Informatik in einem Berufsfeld der Zukunft.<\/span><\/p>\n<p><b>Wir freuen uns auf Sie!<\/b><\/p>\n<p>[\/et_pb_text][et_pb_blurb url=&#8220;https:\/\/www.km.bayern.de\/download\/12789_Internetbeitrag_BSplus_Kurzzusammenfassung_2022.pdf&#8220; image=&#8220;https:\/\/www.bs-hof.de\/wp-content\/uploads\/2023\/04\/QR-Code-BerufsschulePlus.png&#8220; _builder_version=&#8220;4.19.4&#8243; _module_preset=&#8220;default&#8220; background_color=&#8220;RGBA(255,255,255,0)&#8220; border_width_all=&#8220;5px&#8220; border_color_all=&#8220;#A7C520&#8243; inline_fonts=&#8220;Arial&#8220; global_colors_info=&#8220;{}&#8220;]<\/p>\n<h1><span style=\"font-size: xx-large; color: #99cc00;\"><strong><span style=\"font-family: Arial;\">\u00a0 Berufsschule Plus<\/span><\/strong><\/span><\/h1>\n<h2><span style=\"font-family: Arial;\"><strong>\u00a0\u00a0 Berufsausbildung und Fachabitur\u00a0\u00a0 <\/strong><\/span><\/h2>\n<h2><span style=\"font-family: Arial; font-weight: normal;\">\u00a0\u00a0 F\u00fcr weitere Informationen folge <\/span><\/h2>\n<h2><span style=\"font-family: Arial; font-weight: normal;\">\u00a0\u00a0 dem Link:<\/span><\/h2>\n<h3><a href=\"https:\/\/www.km.bayern.de\/download\/12789_Internetbeitrag_BSplus_Kurzzusammenfassung_2022.pdf\" target=\"_blank\" rel=\"noopener\"><em>\u00a0\u00a0\u00a0 BSplus_Kurzzusammenfassung_2022.pdf<\/em><\/a><\/h3>\n<p><em><\/em><\/p>\n<p>[\/et_pb_blurb][\/et_pb_column][et_pb_column type=&#8220;1_4&#8243; _builder_version=&#8220;4.16&#8243; _module_preset=&#8220;default&#8220; custom_padding=&#8220;|||&#8220; global_colors_info=&#8220;{}&#8220; custom_padding__hover=&#8220;|||&#8220;][et_pb_image src=&#8220;https:\/\/www.bs-hof.de\/wp-content\/uploads\/2022\/09\/informatik_02.jpg&#8220; title_text=&#8220;informatik_02&#8243; _builder_version=&#8220;4.17.4&#8243; _module_preset=&#8220;default&#8220; global_colors_info=&#8220;{}&#8220;][\/et_pb_image][et_pb_blurb title=&#8220;Besuche uns am 11. Oktober 2025 auf Ausbildungsmesse in der Freiheitshalle in Hof!&#8220; url=&#8220;https:\/\/www.km.bayern.de\/download\/12789_Internetbeitrag_BSplus_Kurzzusammenfassung_2022.pdf&#8220; _builder_version=&#8220;4.27.3&#8243; _module_preset=&#8220;default&#8220; background_color=&#8220;RGBA(255,255,255,0)&#8220; border_width_all=&#8220;5px&#8220; border_color_all=&#8220;#A7C520&#8243; locked=&#8220;off&#8220; inline_fonts=&#8220;Arial&#8220; global_colors_info=&#8220;{}&#8220;][\/et_pb_blurb][et_pb_image src=&#8220;https:\/\/www.bs-hof.de\/wp-content\/uploads\/2025\/06\/Werbung-auf-unsrer-Homepage.jpg&#8220; title_text=&#8220;Werbung auf unsrer Homepage&#8220; _builder_version=&#8220;4.27.3&#8243; _module_preset=&#8220;default&#8220; global_colors_info=&#8220;{}&#8220;][\/et_pb_image][et_pb_image src=&#8220;https:\/\/www.bs-hof.de\/wp-content\/uploads\/2025\/06\/It\u00b4s-a-match-Homepage.jpg&#8220; title_text=&#8220;It\u00b4s a match Homepage&#8220; _builder_version=&#8220;4.27.3&#8243; _module_preset=&#8220;default&#8220; global_colors_info=&#8220;{}&#8220;][\/et_pb_image][\/et_pb_column][\/et_pb_row][\/et_pb_section][et_pb_section fb_built=&#8220;1&#8243; admin_label=&#8220;Fachbereiche&#8220; _builder_version=&#8220;4.17.4&#8243; _module_preset=&#8220;default&#8220; background_color=&#8220;RGBA(255,255,255,0)&#8220; custom_padding=&#8220;|||&#8220; animation_style=&#8220;slide&#8220; animation_direction=&#8220;top&#8220; animation_intensity_slide=&#8220;10%&#8220; da_disable_devices=&#8220;off|off|off&#8220; box_shadow_style=&#8220;preset3&#8243; box_shadow_vertical=&#8220;10px&#8220; box_shadow_blur=&#8220;105px&#8220; box_shadow_spread=&#8220;0px&#8220; box_shadow_color=&#8220;rgba(0,0,0,0.12)&#8220; collapsed=&#8220;on&#8220; global_colors_info=&#8220;{}&#8220; da_is_popup=&#8220;off&#8220; da_exit_intent=&#8220;off&#8220; da_has_close=&#8220;on&#8220; da_alt_close=&#8220;off&#8220; da_dark_close=&#8220;off&#8220; da_not_modal=&#8220;on&#8220; da_is_singular=&#8220;off&#8220; da_with_loader=&#8220;off&#8220; da_has_shadow=&#8220;on&#8220;][et_pb_row column_structure=&#8220;1_2,1_2&#8243; make_equal=&#8220;on&#8220; _builder_version=&#8220;4.17.4&#8243; _module_preset=&#8220;default&#8220; background_color=&#8220;RGBA(255,255,255,0)&#8220; max_width=&#8220;80%&#8220; custom_margin=&#8220;|||&#8220; use_custom_width=&#8220;on&#8220; width_unit=&#8220;off&#8220; global_colors_info=&#8220;{}&#8220;][et_pb_column type=&#8220;1_2&#8243; _builder_version=&#8220;4.16&#8243; _module_preset=&#8220;default&#8220; custom_padding=&#8220;|||&#8220; global_colors_info=&#8220;{}&#8220; custom_padding__hover=&#8220;|||&#8220;][et_pb_text module_id=&#8220;aktuelles&#8220; _builder_version=&#8220;4.17.4&#8243; _module_preset=&#8220;default&#8220; text_font=&#8220;||||||||&#8220; header_font=&#8220;||||||||&#8220; header_2_font=&#8220;Rubik|700|||||||&#8220; header_2_text_color=&#8220;#A7C520&#8243; header_2_font_size=&#8220;42px&#8220; header_2_line_height=&#8220;1.2em&#8220; module_alignment=&#8220;center&#8220; custom_margin=&#8220;|||&#8220; custom_padding=&#8220;|||&#8220; header_2_font_size_tablet=&#8220;&#8220; header_2_font_size_phone=&#8220;36px&#8220; header_2_font_size_last_edited=&#8220;on|phone&#8220; locked=&#8220;off&#8220; global_colors_info=&#8220;{}&#8220;]<\/p>\n<div class=\"csc-header csc-header-n1\">\n<div class=\"csc-header csc-header-n1\">\n<div class=\"csc-header csc-header-n2\">\n<div class=\"csc-header csc-header-n3\">\n<div class=\"csc-header csc-header-n1\">\n<h2 class=\"csc-firstHeader\">Aktuelles<\/h2>\n<\/div>\n<div class=\"csc-textpic csc-textpic-intext-right\"><\/div>\n<\/div>\n<div class=\"csc-textpic-text\"><\/div>\n<\/div>\n<div class=\"csc-textpic-text\"><\/div>\n<\/div>\n<div class=\"csc-textpic-text\"><\/div>\n<\/div>\n<div class=\"csc-textpic-text\"><\/div>\n<p>[\/et_pb_text][et_pb_text _builder_version=&#8220;4.17.4&#8243; _module_preset=&#8220;default&#8220; global_colors_info=&#8220;{}&#8220;]<\/p>\n<p class=\"bodytext\">Sie haben Interesse an der Berufsfachschule f\u00fcr Informatik Hof?<\/p>\n<p class=\"bodytext\"><b>Dann vereinbaren Sie noch heute einen individuellen Termin.\u00a0<\/b><\/p>\n<p>[\/et_pb_text][\/et_pb_column][et_pb_column type=&#8220;1_2&#8243; _builder_version=&#8220;4.16&#8243; _module_preset=&#8220;default&#8220; custom_padding=&#8220;|||&#8220; global_colors_info=&#8220;{}&#8220; custom_padding__hover=&#8220;|||&#8220;][et_pb_text module_id=&#8220;aktuelles&#8220; _builder_version=&#8220;4.17.4&#8243; _module_preset=&#8220;default&#8220; text_font=&#8220;||||||||&#8220; header_font=&#8220;||||||||&#8220; header_2_font=&#8220;Rubik|700|||||||&#8220; header_2_text_color=&#8220;#A7C520&#8243; header_2_font_size=&#8220;42px&#8220; header_2_line_height=&#8220;1.2em&#8220; module_alignment=&#8220;center&#8220; custom_margin=&#8220;|||&#8220; custom_padding=&#8220;|||&#8220; header_2_font_size_tablet=&#8220;&#8220; header_2_font_size_phone=&#8220;36px&#8220; header_2_font_size_last_edited=&#8220;on|phone&#8220; locked=&#8220;off&#8220; global_colors_info=&#8220;{}&#8220;]<\/p>\n<div class=\"csc-header csc-header-n1\">\n<div class=\"csc-header csc-header-n1\">\n<div class=\"csc-header csc-header-n2\">\n<div class=\"csc-header csc-header-n3\">\n<div class=\"csc-header csc-header-n1\">\n<h2 class=\"csc-firstHeader\">Kontakt<\/h2>\n<\/div>\n<div class=\"csc-textpic csc-textpic-intext-right\"><\/div>\n<\/div>\n<div class=\"csc-textpic-text\"><\/div>\n<\/div>\n<div class=\"csc-textpic-text\"><\/div>\n<\/div>\n<div class=\"csc-textpic-text\"><\/div>\n<\/div>\n<div class=\"csc-textpic-text\"><\/div>\n<p>[\/et_pb_text][et_pb_text _builder_version=&#8220;4.17.4&#8243; _module_preset=&#8220;default&#8220; global_colors_info=&#8220;{}&#8220;]<\/p>\n<p><span>Staatliche Berufsfachschule f\u00fcr Technische Assistenten f\u00fcr Informatik<\/span><br \/><span>Pestalozziplatz 1<\/span><br \/><span>95028 Hof<\/span><\/p>\n<p><span>Tel.: 09281\/83309-0<\/span><br \/><span>Fax: 09281\/83309-19<\/span><br \/><span>E-Mail:\u00a0<\/span><a href=\"mailto:verwaltung@bs-hof.de\">verwaltung@bs-hof.de<\/a><\/p>\n<p>[\/et_pb_text][\/et_pb_column][\/et_pb_row][\/et_pb_section]<\/p>\n","protected":false},"excerpt":{"rendered":"<p>Berufsfachschule f\u00fcr InformatikAusbildung und Abschl\u00fcsseDie SchuleUnterrichtTAI Service-TeamHerzlich Willkommen auf unserer Homepage! Sie interessieren sich f\u00fcr technische Berufe, Computertechnik und Programmentwicklung?Dann sind Sie bei uns genau richtig. Starten Sie jetzt eine Ausbildung zum Technischen Assistenten f\u00fcr Informatik in einem Berufsfeld der Zukunft. Wir freuen uns auf Sie!\u00a0 Berufsschule Plus \u00a0\u00a0 Berufsausbildung und Fachabitur\u00a0\u00a0 \u00a0\u00a0 F\u00fcr weitere [&hellip;]<\/p>\n","protected":false},"author":7,"featured_media":0,"parent":0,"menu_order":0,"comment_status":"closed","ping_status":"closed","template":"","meta":{"_et_pb_use_builder":"on","_et_pb_old_content":"<!-- wp:divi\/placeholder \/-->","_et_gb_content_width":"","inline_featured_image":false,"footnotes":""},"class_list":["post-123","page","type-page","status-publish","hentry"],"_links":{"self":[{"href":"https:\/\/www.bs-hof.de\/index.php\/wp-json\/wp\/v2\/pages\/123","targetHints":{"allow":["GET"]}}],"collection":[{"href":"https:\/\/www.bs-hof.de\/index.php\/wp-json\/wp\/v2\/pages"}],"about":[{"href":"https:\/\/www.bs-hof.de\/index.php\/wp-json\/wp\/v2\/types\/page"}],"author":[{"embeddable":true,"href":"https:\/\/www.bs-hof.de\/index.php\/wp-json\/wp\/v2\/users\/7"}],"replies":[{"embeddable":true,"href":"https:\/\/www.bs-hof.de\/index.php\/wp-json\/wp\/v2\/comments?post=123"}],"version-history":[{"count":30,"href":"https:\/\/www.bs-hof.de\/index.php\/wp-json\/wp\/v2\/pages\/123\/revisions"}],"predecessor-version":[{"id":3397,"href":"https:\/\/www.bs-hof.de\/index.php\/wp-json\/wp\/v2\/pages\/123\/revisions\/3397"}],"wp:attachment":[{"href":"https:\/\/www.bs-hof.de\/index.php\/wp-json\/wp\/v2\/media?parent=123"}],"curies":[{"name":"wp","href":"https:\/\/api.w.org\/{rel}","templated":true}]}}