{"id":146,"date":"2022-07-07T15:04:31","date_gmt":"2022-07-07T13:04:31","guid":{"rendered":"https:\/\/www.bs-hof.de\/?page_id=146"},"modified":"2022-09-21T10:00:59","modified_gmt":"2022-09-21T08:00:59","slug":"kontakt-und-anfahrt","status":"publish","type":"page","link":"https:\/\/www.bs-hof.de\/index.php\/kontakt-und-anfahrt\/","title":{"rendered":"Kontakt und Anfahrt"},"content":{"rendered":"<p>[et_pb_section fb_built=&#8220;1&#8243; admin_label=&#8220;Gr\u00fcner Balken&#8220; _builder_version=&#8220;4.17.4&#8243; _module_preset=&#8220;default&#8220; background_color=&#8220;#A7C520&#8243; height=&#8220;3vh&#8220; custom_margin=&#8220;0px|0px|0px|0px|false|false&#8220; custom_padding=&#8220;0px|0px|0px|0px|false|false&#8220; collapsed=&#8220;on&#8220; global_colors_info=&#8220;{}&#8220;][\/et_pb_section][et_pb_section fb_built=&#8220;1&#8243; make_equal=&#8220;on&#8220; specialty=&#8220;on&#8220; admin_label=&#8220;Titel&#8220; _builder_version=&#8220;4.17.4&#8243; _module_preset=&#8220;default&#8220; use_background_color_gradient=&#8220;on&#8220; background_color_gradient_type=&#8220;elliptical&#8220; background_color_gradient_direction_radial=&#8220;top right&#8220; background_color_gradient_stops=&#8220;#dce8a7 17%|#f5f6d4 58%|#f5f6f8 90%&#8220; background_color_gradient_overlays_image=&#8220;on&#8220; background_color_gradient_start=&#8220;rgba(40,40,40,0.79)&#8220; background_color_gradient_end=&#8220;rgba(40,40,40,0.86)&#8220; background_enable_image=&#8220;off&#8220; background_enable_pattern_style=&#8220;on&#8220; background_pattern_style=&#8220;waves&#8220; background_pattern_color=&#8220;rgba(0,0,0,0.03)&#8220; width=&#8220;100%&#8220; inner_width=&#8220;100%&#8220; inner_max_width=&#8220;80vw&#8220; custom_margin=&#8220;||||false&#8220; custom_padding=&#8220;1vw||1vw||true|false&#8220; collapsed=&#8220;on&#8220; global_colors_info=&#8220;{}&#8220;][et_pb_column type=&#8220;2_3&#8243; specialty_columns=&#8220;2&#8243; _builder_version=&#8220;4.16&#8243; custom_padding=&#8220;|||&#8220; global_colors_info=&#8220;{}&#8220; custom_padding__hover=&#8220;|||&#8220;][et_pb_row_inner _builder_version=&#8220;4.17.4&#8243; _module_preset=&#8220;default&#8220; width=&#8220;80%&#8220; global_colors_info=&#8220;{}&#8220;][et_pb_column_inner saved_specialty_column_type=&#8220;2_3&#8243; _builder_version=&#8220;4.17.4&#8243; _module_preset=&#8220;default&#8220; global_colors_info=&#8220;{}&#8220;][et_pb_text _builder_version=&#8220;4.18.0&#8243; _module_preset=&#8220;default&#8220; header_font=&#8220;|800|||||||&#8220; header_text_color=&#8220;#493F0B&#8220; header_font_size=&#8220;5em&#8220; header_font_size_tablet=&#8220;5em&#8220; header_font_size_phone=&#8220;4em&#8220; header_font_size_last_edited=&#8220;on|phone&#8220; global_colors_info=&#8220;{}&#8220;]<\/p>\n<h1>Kontakt<\/h1>\n<p>[\/et_pb_text][\/et_pb_column_inner][\/et_pb_row_inner][\/et_pb_column][et_pb_column type=&#8220;1_3&#8243; _builder_version=&#8220;4.16&#8243; custom_padding=&#8220;|||&#8220; global_colors_info=&#8220;{}&#8220; custom_padding__hover=&#8220;|||&#8220;][\/et_pb_column][\/et_pb_section][et_pb_section fb_built=&#8220;1&#8243; admin_label=&#8220;Fachbereiche&#8220; _builder_version=&#8220;4.16&#8243; _module_preset=&#8220;default&#8220; custom_padding=&#8220;|||&#8220; animation_style=&#8220;slide&#8220; animation_direction=&#8220;top&#8220; animation_intensity_slide=&#8220;10%&#8220; box_shadow_style=&#8220;preset3&#8243; box_shadow_vertical=&#8220;10px&#8220; box_shadow_blur=&#8220;105px&#8220; box_shadow_spread=&#8220;0px&#8220; box_shadow_color=&#8220;rgba(0,0,0,0.12)&#8220; collapsed=&#8220;on&#8220; global_colors_info=&#8220;{}&#8220;][et_pb_row column_structure=&#8220;1_3,1_3,1_3&#8243; make_equal=&#8220;on&#8220; _builder_version=&#8220;4.17.4&#8243; _module_preset=&#8220;default&#8220; background_color=&#8220;RGBA(255,255,255,0)&#8220; max_width=&#8220;80%&#8220; custom_margin=&#8220;|||&#8220; use_custom_width=&#8220;on&#8220; width_unit=&#8220;off&#8220; global_colors_info=&#8220;{}&#8220;][et_pb_column type=&#8220;1_3&#8243; _builder_version=&#8220;4.16&#8243; _module_preset=&#8220;default&#8220; custom_padding=&#8220;|||&#8220; global_colors_info=&#8220;{}&#8220; custom_padding__hover=&#8220;|||&#8220;][et_pb_text _builder_version=&#8220;4.17.4&#8243; _module_preset=&#8220;default&#8220; text_font=&#8220;||||||||&#8220; header_font=&#8220;||||||||&#8220; header_text_align=&#8220;left&#8220; header_2_font=&#8220;Rubik|700|||||||&#8220; header_2_text_align=&#8220;left&#8220; header_2_text_color=&#8220;#A7C520&#8243; header_2_font_size=&#8220;42px&#8220; header_2_line_height=&#8220;1.2em&#8220; module_alignment=&#8220;center&#8220; custom_margin=&#8220;|||&#8220; custom_padding=&#8220;|||&#8220; header_2_font_size_tablet=&#8220;&#8220; header_2_font_size_phone=&#8220;36px&#8220; header_2_font_size_last_edited=&#8220;on|phone&#8220; locked=&#8220;off&#8220; global_colors_info=&#8220;{}&#8220;]<\/p>\n<h2>Hof<\/h2>\n<p>[\/et_pb_text][et_pb_image src=&#8220;https:\/\/www.bs-hof.de\/wp-content\/uploads\/2022\/08\/Gebaude_Hof_02.jpg&#8220; title_text=&#8220;Gebaude_Hof_02&#8243; _builder_version=&#8220;4.17.4&#8243; _module_preset=&#8220;default&#8220; global_colors_info=&#8220;{}&#8220;][\/et_pb_image][et_pb_text _builder_version=&#8220;4.17.4&#8243; _module_preset=&#8220;default&#8220; global_colors_info=&#8220;{}&#8220;]<\/p>\n<p><span>Johann-Vie\u00dfmann-Berufsschule Hof<\/span><\/p>\n<p><span>Pestalozziplatz 1<\/span><\/p>\n<p><span>95028 Hof<\/span><br \/><span>Tel.: 09281 \/ 833090<\/span><\/p>\n<p><span>Fax. 09281 \/ 83309 19<\/span><br \/><a href=\"mailto:verwaltung@bs-hof.de\" title=\"\u00d6ffnet ein Fenster zum Versenden der E-Mail\" class=\"mail\">verwaltung@bs-hof.de<\/a><\/p>\n<p>[\/et_pb_text][et_pb_text _builder_version=&#8220;4.17.4&#8243; _module_preset=&#8220;default&#8220; global_colors_info=&#8220;{}&#8220;]<\/p>\n<p><span>Mo &#8211; Do 07:15 &#8211; 16:00 Uhr<\/span><br \/><span>Fr 07:15 &#8211; 13:00 Uhr<\/span><\/p>\n<p>[\/et_pb_text][et_pb_button button_url=&#8220;index.php\/standorte\/standort-hof-hauptsitz\/&#8220; button_text=&#8220;Weitere Infos&#8220; _builder_version=&#8220;4.17.4&#8243; _module_preset=&#8220;default&#8220; global_colors_info=&#8220;{}&#8220;][\/et_pb_button][\/et_pb_column][et_pb_column type=&#8220;1_3&#8243; _builder_version=&#8220;4.16&#8243; _module_preset=&#8220;default&#8220; custom_padding=&#8220;|||&#8220; global_colors_info=&#8220;{}&#8220; custom_padding__hover=&#8220;|||&#8220;][et_pb_text _builder_version=&#8220;4.17.4&#8243; _module_preset=&#8220;default&#8220; text_font=&#8220;||||||||&#8220; header_font=&#8220;||||||||&#8220; header_2_font=&#8220;Rubik|700|||||||&#8220; header_2_text_align=&#8220;left&#8220; header_2_text_color=&#8220;#A7C520&#8243; header_2_font_size=&#8220;42px&#8220; header_2_line_height=&#8220;1.2em&#8220; module_alignment=&#8220;center&#8220; custom_margin=&#8220;|||&#8220; custom_padding=&#8220;|||&#8220; header_2_font_size_tablet=&#8220;&#8220; header_2_font_size_phone=&#8220;36px&#8220; header_2_font_size_last_edited=&#8220;on|phone&#8220; locked=&#8220;off&#8220; global_colors_info=&#8220;{}&#8220;]<\/p>\n<h2>M\u00fcnchberg<\/h2>\n<p>[\/et_pb_text][et_pb_image src=&#8220;https:\/\/www.bs-hof.de\/wp-content\/uploads\/2022\/08\/Gebaude_Muenchberg_02.jpg&#8220; title_text=&#8220;Gebaude_Muenchberg_02&#8243; _builder_version=&#8220;4.17.4&#8243; _module_preset=&#8220;default&#8220; global_colors_info=&#8220;{}&#8220;][\/et_pb_image][et_pb_text _builder_version=&#8220;4.17.4&#8243; _module_preset=&#8220;default&#8220; global_colors_info=&#8220;{}&#8220;]<\/p>\n<p class=\"bodytext\"><span>August-Horch-Berufsschule M\u00fcnchberg<\/span><\/p>\n<p class=\"bodytext\"><span>Sch\u00fctzenstra\u00dfe 20<\/span><\/p>\n<p><span>95213 M\u00fcnchberg<\/span><br \/><span>Tel.: 09251 \/ 89900<\/span><\/p>\n<p><span>Fax. 09251 \/ 8990 29<\/span><br \/><a href=\"mailto:muenchberg@bs-hof.de\" title=\"\u00d6ffnet ein Fenster zum Versenden der E-Mail\" class=\"mail\">muenchberg@bs-hof.de<\/a><\/p>\n<p>[\/et_pb_text][et_pb_text _builder_version=&#8220;4.17.4&#8243; _module_preset=&#8220;default&#8220; global_colors_info=&#8220;{}&#8220;]<\/p>\n<p class=\"bodytext\"><span>Mo &#8211; Do 07:30 &#8211; 16:00 Uhr<\/span><br \/><span>Fr 07:30 &#8211; 13:00 Uhr<\/span><\/p>\n<p>[\/et_pb_text][et_pb_button button_url=&#8220;index.php\/standorte\/standort-muenchberg\/&#8220; button_text=&#8220;Weitere Infos&#8220; _builder_version=&#8220;4.17.4&#8243; _module_preset=&#8220;default&#8220; global_colors_info=&#8220;{}&#8220;][\/et_pb_button][\/et_pb_column][et_pb_column type=&#8220;1_3&#8243; _builder_version=&#8220;4.16&#8243; _module_preset=&#8220;default&#8220; custom_padding=&#8220;|||&#8220; global_colors_info=&#8220;{}&#8220; custom_padding__hover=&#8220;|||&#8220;][et_pb_text _builder_version=&#8220;4.17.4&#8243; _module_preset=&#8220;default&#8220; text_font=&#8220;||||||||&#8220; header_font=&#8220;||||||||&#8220; header_text_align=&#8220;left&#8220; header_2_font=&#8220;Rubik|700|||||||&#8220; header_2_text_align=&#8220;left&#8220; header_2_text_color=&#8220;#A7C520&#8243; header_2_font_size=&#8220;42px&#8220; header_2_line_height=&#8220;1.2em&#8220; module_alignment=&#8220;center&#8220; custom_margin=&#8220;|||&#8220; custom_padding=&#8220;|||&#8220; header_2_font_size_tablet=&#8220;&#8220; header_2_font_size_phone=&#8220;36px&#8220; header_2_font_size_last_edited=&#8220;on|phone&#8220; locked=&#8220;off&#8220; global_colors_info=&#8220;{}&#8220;]<\/p>\n<h2>Rehau<\/h2>\n<p>[\/et_pb_text][et_pb_image src=&#8220;https:\/\/www.bs-hof.de\/wp-content\/uploads\/2022\/08\/Gebaude_Rehau_02.jpg&#8220; title_text=&#8220;Gebaude_Rehau_02&#8243; _builder_version=&#8220;4.17.4&#8243; _module_preset=&#8220;default&#8220; width=&#8220;180px&#8220; global_colors_info=&#8220;{}&#8220;][\/et_pb_image][et_pb_text _builder_version=&#8220;4.17.4&#8243; _module_preset=&#8220;default&#8220; global_colors_info=&#8220;{}&#8220;]<\/p>\n<p><span>Helmut-Wagner-Berufsschule Rehau<\/span><\/p>\n<p><span>Pilgramsreuther Stra\u00dfe 38<\/span><\/p>\n<p><span>95111 Rehau<\/span><br \/><span>Tel.: 09283 \/ 8980380<\/span><\/p>\n<p><a href=\"mailto:rehau@bs-hof.de\" title=\"\u00d6ffnet ein Fenster zum Versenden der E-Mail\" class=\"mail\">rehau@bs-hof.de<\/a><\/p>\n<p>[\/et_pb_text][et_pb_text _builder_version=&#8220;4.17.4&#8243; _module_preset=&#8220;default&#8220; global_colors_info=&#8220;{}&#8220;]<\/p>\n<p><span>Mo &#8211; Do 07:15 &#8211; 12:15 Uhr<\/span><br \/><span>Fr 07:15 &#8211; 11:30 Uhr<\/span><\/p>\n<p>[\/et_pb_text][et_pb_button button_url=&#8220;index.php\/standorte\/standort-rehau\/&#8220; button_text=&#8220;Weitere Infos&#8220; _builder_version=&#8220;4.17.4&#8243; _module_preset=&#8220;default&#8220; global_colors_info=&#8220;{}&#8220;][\/et_pb_button][\/et_pb_column][\/et_pb_row][\/et_pb_section]<\/p>\n","protected":false},"excerpt":{"rendered":"<p>KontaktHofJohann-Vie\u00dfmann-Berufsschule Hof Pestalozziplatz 1 95028 HofTel.: 09281 \/ 833090 Fax. 09281 \/ 83309 19verwaltung@bs-hof.deMo &#8211; Do 07:15 &#8211; 16:00 UhrFr 07:15 &#8211; 13:00 UhrM\u00fcnchbergAugust-Horch-Berufsschule M\u00fcnchberg Sch\u00fctzenstra\u00dfe 20 95213 M\u00fcnchbergTel.: 09251 \/ 89900 Fax. 09251 \/ 8990 29muenchberg@bs-hof.deMo &#8211; Do 07:30 &#8211; 16:00 UhrFr 07:30 &#8211; 13:00 UhrRehauHelmut-Wagner-Berufsschule Rehau Pilgramsreuther Stra\u00dfe 38 95111 RehauTel.: 09283 \/ [&hellip;]<\/p>\n","protected":false},"author":1,"featured_media":0,"parent":0,"menu_order":0,"comment_status":"closed","ping_status":"closed","template":"","meta":{"_et_pb_use_builder":"on","_et_pb_old_content":"<!-- wp:divi\/placeholder \/-->","_et_gb_content_width":"","inline_featured_image":false,"footnotes":""},"class_list":["post-146","page","type-page","status-publish","hentry"],"_links":{"self":[{"href":"https:\/\/www.bs-hof.de\/index.php\/wp-json\/wp\/v2\/pages\/146","targetHints":{"allow":["GET"]}}],"collection":[{"href":"https:\/\/www.bs-hof.de\/index.php\/wp-json\/wp\/v2\/pages"}],"about":[{"href":"https:\/\/www.bs-hof.de\/index.php\/wp-json\/wp\/v2\/types\/page"}],"author":[{"embeddable":true,"href":"https:\/\/www.bs-hof.de\/index.php\/wp-json\/wp\/v2\/users\/1"}],"replies":[{"embeddable":true,"href":"https:\/\/www.bs-hof.de\/index.php\/wp-json\/wp\/v2\/comments?post=146"}],"version-history":[{"count":7,"href":"https:\/\/www.bs-hof.de\/index.php\/wp-json\/wp\/v2\/pages\/146\/revisions"}],"predecessor-version":[{"id":1459,"href":"https:\/\/www.bs-hof.de\/index.php\/wp-json\/wp\/v2\/pages\/146\/revisions\/1459"}],"wp:attachment":[{"href":"https:\/\/www.bs-hof.de\/index.php\/wp-json\/wp\/v2\/media?parent=146"}],"curies":[{"name":"wp","href":"https:\/\/api.w.org\/{rel}","templated":true}]}}