{"id":498,"date":"2022-08-18T02:11:17","date_gmt":"2022-08-18T00:11:17","guid":{"rendered":"https:\/\/www.bs-hof.de\/?page_id=498"},"modified":"2023-01-27T08:27:52","modified_gmt":"2023-01-27T07:27:52","slug":"historie","status":"publish","type":"page","link":"https:\/\/www.bs-hof.de\/index.php\/fachschule-fuer-technik-hof\/infos\/historie\/","title":{"rendered":"Historie"},"content":{"rendered":"<p>[et_pb_section fb_built=&#8220;1&#8243; admin_label=&#8220;Gr\u00fcner Balken&#8220; _builder_version=&#8220;4.17.4&#8243; _module_preset=&#8220;default&#8220; background_color=&#8220;#A7C520&#8243; height=&#8220;3vh&#8220; custom_margin=&#8220;0px|0px|0px|0px|false|false&#8220; custom_padding=&#8220;0px|0px|0px|0px|false|false&#8220; collapsed=&#8220;on&#8220; global_colors_info=&#8220;{}&#8220;][\/et_pb_section][et_pb_section fb_built=&#8220;1&#8243; make_equal=&#8220;on&#8220; specialty=&#8220;on&#8220; admin_label=&#8220;Titel&#8220; _builder_version=&#8220;4.17.4&#8243; _module_preset=&#8220;default&#8220; use_background_color_gradient=&#8220;on&#8220; background_color_gradient_type=&#8220;elliptical&#8220; background_color_gradient_direction_radial=&#8220;bottom right&#8220; background_color_gradient_stops=&#8220;#f5f6f8 10%|#dce8a7 47%|#f5f6d4 72%&#8220; background_color_gradient_overlays_image=&#8220;on&#8220; background_color_gradient_start=&#8220;rgba(40,40,40,0.79)&#8220; background_color_gradient_end=&#8220;rgba(40,40,40,0.86)&#8220; background_enable_image=&#8220;off&#8220; background_enable_pattern_style=&#8220;on&#8220; background_pattern_style=&#8220;crosses&#8220; background_pattern_color=&#8220;rgba(0,0,0,0.05)&#8220; background_pattern_size=&#8220;custom&#8220; background_pattern_width=&#8220;53px&#8220; width=&#8220;100%&#8220; inner_width=&#8220;100%&#8220; inner_max_width=&#8220;80vw&#8220; custom_margin=&#8220;||||false&#8220; custom_padding=&#8220;1vw||1vw||true|false&#8220; collapsed=&#8220;on&#8220; global_colors_info=&#8220;{}&#8220;][et_pb_column type=&#8220;2_3&#8243; specialty_columns=&#8220;2&#8243; _builder_version=&#8220;4.16&#8243; custom_padding=&#8220;|||&#8220; global_colors_info=&#8220;{}&#8220; custom_padding__hover=&#8220;|||&#8220;][et_pb_row_inner _builder_version=&#8220;4.17.4&#8243; _module_preset=&#8220;default&#8220; width=&#8220;80%&#8220; global_colors_info=&#8220;{}&#8220;][et_pb_column_inner saved_specialty_column_type=&#8220;2_3&#8243; _builder_version=&#8220;4.17.4&#8243; _module_preset=&#8220;default&#8220; global_colors_info=&#8220;{}&#8220;][et_pb_text _builder_version=&#8220;4.18.0&#8243; _module_preset=&#8220;default&#8220; header_font=&#8220;|800|||||||&#8220; header_text_color=&#8220;#493F0B&#8220; header_font_size=&#8220;5em&#8220; hover_enabled=&#8220;0&#8243; global_colors_info=&#8220;{}&#8220; header_font_size_last_edited=&#8220;on|phone&#8220; sticky_enabled=&#8220;0&#8243; header_font_size_phone=&#8220;4em&#8220; header_font_size_tablet=&#8220;5em&#8220;]<\/p>\n<h1 class=\"csc-firstHeader\">Historie<\/h1>\n<p>[\/et_pb_text][\/et_pb_column_inner][\/et_pb_row_inner][\/et_pb_column][et_pb_column type=&#8220;1_3&#8243; _builder_version=&#8220;4.16&#8243; custom_padding=&#8220;|||&#8220; global_colors_info=&#8220;{}&#8220; custom_padding__hover=&#8220;|||&#8220;][\/et_pb_column][\/et_pb_section][et_pb_section fb_built=&#8220;1&#8243; admin_label=&#8220;Fachbereiche&#8220; _builder_version=&#8220;4.17.4&#8243; _module_preset=&#8220;default&#8220; background_color=&#8220;#F5F6D4&#8243; custom_padding=&#8220;|||&#8220; animation_style=&#8220;slide&#8220; animation_direction=&#8220;top&#8220; animation_intensity_slide=&#8220;10%&#8220; box_shadow_style=&#8220;preset3&#8243; box_shadow_vertical=&#8220;10px&#8220; box_shadow_blur=&#8220;105px&#8220; box_shadow_spread=&#8220;0px&#8220; box_shadow_color=&#8220;rgba(0,0,0,0.12)&#8220; collapsed=&#8220;on&#8220; global_colors_info=&#8220;{}&#8220;][et_pb_row make_equal=&#8220;on&#8220; _builder_version=&#8220;4.17.4&#8243; _module_preset=&#8220;default&#8220; background_color=&#8220;RGBA(255,255,255,0)&#8220; max_width=&#8220;80%&#8220; custom_margin=&#8220;|||&#8220; use_custom_width=&#8220;on&#8220; width_unit=&#8220;off&#8220; global_colors_info=&#8220;{}&#8220;][et_pb_column type=&#8220;4_4&#8243; _builder_version=&#8220;4.16&#8243; _module_preset=&#8220;default&#8220; custom_padding=&#8220;|||&#8220; global_colors_info=&#8220;{}&#8220; custom_padding__hover=&#8220;|||&#8220;][et_pb_text module_id=&#8220;seifenkistenrennen&#8220; _builder_version=&#8220;4.17.4&#8243; _module_preset=&#8220;default&#8220; text_font=&#8220;||||||||&#8220; header_font=&#8220;||||||||&#8220; header_2_font=&#8220;Rubik|700|||||||&#8220; header_2_text_color=&#8220;#A7C520&#8243; header_2_font_size=&#8220;42px&#8220; header_2_line_height=&#8220;1.2em&#8220; module_alignment=&#8220;center&#8220; custom_margin=&#8220;|||&#8220; custom_padding=&#8220;|||&#8220; header_2_font_size_tablet=&#8220;&#8220; header_2_font_size_phone=&#8220;36px&#8220; header_2_font_size_last_edited=&#8220;on|phone&#8220; locked=&#8220;off&#8220; global_colors_info=&#8220;{}&#8220;]<\/p>\n<div class=\"csc-header csc-header-n1\">\n<div class=\"csc-header csc-header-n1\">\n<div class=\"csc-header csc-header-n3\">\n<div class=\"csc-header csc-header-n4\">\n<div class=\"csc-header csc-header-n1\">\n<h2 class=\"csc-firstHeader\">Historie der Technikerschule Hof<\/h2>\n<\/div>\n<div class=\"csc-textpic csc-textpic-intext-right\"><\/div>\n<\/div>\n<\/div>\n<\/div>\n<div class=\"csc-textpic-text\"><\/div>\n<\/div>\n<div class=\"csc-textpic-text\"><\/div>\n<p>[\/et_pb_text][\/et_pb_column][\/et_pb_row][et_pb_row column_structure=&#8220;3_5,2_5&#8243; make_equal=&#8220;on&#8220; _builder_version=&#8220;4.17.4&#8243; _module_preset=&#8220;default&#8220; background_color=&#8220;RGBA(255,255,255,0)&#8220; max_width=&#8220;80%&#8220; custom_margin=&#8220;|||&#8220; use_custom_width=&#8220;on&#8220; width_unit=&#8220;off&#8220; global_colors_info=&#8220;{}&#8220;][et_pb_column type=&#8220;3_5&#8243; _builder_version=&#8220;4.16&#8243; _module_preset=&#8220;default&#8220; custom_padding=&#8220;|||&#8220; global_colors_info=&#8220;{}&#8220; custom_padding__hover=&#8220;|||&#8220;][et_pb_text _builder_version=&#8220;4.17.4&#8243; _module_preset=&#8220;default&#8220; width=&#8220;99.7%&#8220; min_height=&#8220;77.6px&#8220; custom_padding=&#8220;|35px||||&#8220; global_colors_info=&#8220;{}&#8220;]<\/p>\n<p class=\"bodytext\"><b>\u00a01960<\/b><span>\u00a0<\/span>gibt der Verein Deutscher Maschinenbau-Anstalten erstmals die Anregung eine Technikerschule im oberfr\u00e4nkischen Gebiet zu gr\u00fcnden, um die Abwanderung der besten Leute zu verhindern. Schon damals war vielen Firmen klar, dass Ingenieure zum Teil durch Techniker ersetzt werden k\u00f6nnen.<\/p>\n<p class=\"bodytext\">Im<b><span>\u00a0<\/span>Juli 1961<\/b><span>\u00a0<\/span>nahm Herr Karl Liebrandt, Inhaber der Maschinenfabrik Liba, Kontakt mit dem damaligen Oberb\u00fcrgermeister Herrn H\u00f6gn auf. Gemeinsam mit Herrn Stadtschulrat Dr. Beisbart erwirkten sie die Zusage, dass an der Berufsschule Hof eine Techniker-Abendschule in gemeinsamer Zusammenarbeit mit dem Verein Deutscher Maschinenbau-Anstalten gegr\u00fcndet werden durfte.<\/p>\n<p class=\"bodytext\"><b>1961<\/b><span>\u00a0<\/span>begann das erste Semester an der St\u00e4dtischen Technikerschule Hof mit 46 Studierenden unter Leitung des damaligen Oberstudiendirektors Hans J\u00e4hnichen. Der Unterricht erstreckte sich \u00fcber sechs Semester mit jeweils 13 Unterrichtsstunden in der Woche. Es wird an den Abenden des Dienstags und des Donnerstags sowie Samstagvormittag unterrichtet. Insgesamt muss der angehende Techniker 1560 Unterrichtsstunden absolvieren. Der Lehrbetrieb umfasst die Fachrichtungen Maschinenbau und Elektrotechnik.<\/p>\n<p class=\"bodytext\"><a name=\"_GoBack\"><\/a><b>1963<\/b><span>\u00a0<\/span>wurde als dritte Fachrichtung die f\u00fcr Stricker und Wirker aufgenommen. F\u00fcr alle drei Fachrichtungen begannen jeweils im September eine jeden Jahres neue Studieng\u00e4nge. Im gleichen Jahr fand die Gr\u00fcndung des F\u00f6rdervereins statt, dessen ersten Vorsitz Herr Karl Liebrandt \u00fcbernahm.<\/p>\n<p class=\"bodytext\"><b>1970<\/b><span>\u00a0<\/span>im Sommer lief der letzte Lehrgang f\u00fcr Stricker und Wirker an unserer Schule aus. Die Techniker dieser Fachrichtung werden seitdem an der benachbarten Textilingenieur-Schule in M\u00fcnchberg ausgebildet.<\/p>\n<p class=\"bodytext\">Im selben Jahr wurde im Benehmen mit den Sch\u00fclern von Teilzeit- auf Vollzeitunterricht umgestellt. Dabei werden die Sch\u00fcler des auslaufenden 2. Teilzeitsemesters in ein 2. Vollzeitsemester \u00fcbertreten. Dabei wird gleichzeitig der bundeseinheitliche Lehrplan \u00fcbernommen.<\/p>\n<p class=\"bodytext\">Der Vollzeitunterricht erfordert nach diesem Plan drei Semester mit insgesamt 1980 Unterrichtsstunden. Die w\u00f6chentliche Unterrichtsbelastung liegt bei 33 Stunden.<\/p>\n<p class=\"bodytext\">Im Jahre<span>\u00a0<\/span><b>1970<\/b><span>\u00a0<\/span>wurde im Rahmen der Technikerschule ein Berufsseminar errichtet. In ihm werden in Kursen k\u00fcrzerer Dauer begrenzte Themen unterrichtet, z. B. Werkstoffkunde f\u00fcr Kaufleute, Steuerungstechnik f\u00fcr Maschinenbauer bzw. Arbeitsvorbereitung.<\/p>\n<p class=\"bodytext\"><b>1976<\/b><span>\u00a0<\/span>Die Fachrichtung Elektrotechnik wird im Herbst nicht mehr weitergef\u00fchrt. Es gibt nur noch den Zweig Maschinenbau.<\/p>\n<p class=\"bodytext\"><b>1986<\/b><span>\u00a0<\/span>im Herbst wird die Fachrichtung Elektrotechnik wieder eingef\u00fchrt. Im zweiten Schuljahr werden die drei Schwerpunkte Datenverarbeitung, Energie- und Nachrichtentechnik angeboten.<\/p>\n<p class=\"bodytext\"><b>1989<\/b><span>\u00a0<\/span>wurde erstmalig f\u00fcr ganz Bayern in Hof die Fachrichtung Umweltschutz mit dem Schwerpunkt Verfahrenstechnik eingef\u00fchrt.<\/p>\n<p class=\"bodytext\">Zum neuen Schuljahr<b><span>\u00a0<\/span>1997<\/b><span>\u00a0<\/span>wurde die bis dahin St\u00e4dtische Technikerschule verstaatlicht und hei\u00dft seitdem Staatliche Technikerschule Hof bzw. Staatliche Fachschule f\u00fcr Technik Hof.<\/p>\n<p class=\"bodytext\">In den Jahren<b><span>\u00a0<\/span>2008<span>\u00a0<\/span><\/b>bis<b><span>\u00a0<\/span>2012<\/b><span>\u00a0<\/span>wurden alle Fachrichtungen auf neue Lehrpl\u00e4ne umgestellt. Die Studierenden k\u00f6nnen sich im zweiten Schuljahr ihre Schwerpunkte individuell zusammenstellen. Mit der Novellierung der Lehrpl\u00e4ne hei\u00dft der Bereich Umweltschutz nun Umweltschutztechnik\/Regenerative Energien.<\/p>\n<p class=\"bodytext\">Der Unterricht umfasst in den zwei Jahre der Ausbildung \u00fcber 2700 Stunden.<\/p>\n<p>[\/et_pb_text][\/et_pb_column][et_pb_column type=&#8220;2_5&#8243; _builder_version=&#8220;4.16&#8243; _module_preset=&#8220;default&#8220; custom_padding=&#8220;|||&#8220; global_colors_info=&#8220;{}&#8220; custom_padding__hover=&#8220;|||&#8220;][et_pb_image src=&#8220;https:\/\/www.bs-hof.de\/wp-content\/uploads\/2022\/09\/historie.jpg&#8220; title_text=&#8220;historie&#8220; _builder_version=&#8220;4.17.4&#8243; _module_preset=&#8220;default&#8220; global_colors_info=&#8220;{}&#8220;][\/et_pb_image][\/et_pb_column][\/et_pb_row][\/et_pb_section]<\/p>\n","protected":false},"excerpt":{"rendered":"<p>Historie Historie der Technikerschule Hof \u00a01960\u00a0gibt der Verein Deutscher Maschinenbau-Anstalten erstmals die Anregung eine Technikerschule im oberfr\u00e4nkischen Gebiet zu gr\u00fcnden, um die Abwanderung der besten Leute zu verhindern. Schon damals war vielen Firmen klar, dass Ingenieure zum Teil durch Techniker ersetzt werden k\u00f6nnen. Im\u00a0Juli 1961\u00a0nahm Herr Karl Liebrandt, Inhaber der Maschinenfabrik Liba, Kontakt mit dem [&hellip;]<\/p>\n","protected":false},"author":7,"featured_media":0,"parent":492,"menu_order":0,"comment_status":"closed","ping_status":"closed","template":"","meta":{"_et_pb_use_builder":"on","_et_pb_old_content":"<!-- wp:divi\/placeholder \/-->","_et_gb_content_width":"","inline_featured_image":false,"footnotes":""},"class_list":["post-498","page","type-page","status-publish","hentry"],"_links":{"self":[{"href":"https:\/\/www.bs-hof.de\/index.php\/wp-json\/wp\/v2\/pages\/498","targetHints":{"allow":["GET"]}}],"collection":[{"href":"https:\/\/www.bs-hof.de\/index.php\/wp-json\/wp\/v2\/pages"}],"about":[{"href":"https:\/\/www.bs-hof.de\/index.php\/wp-json\/wp\/v2\/types\/page"}],"author":[{"embeddable":true,"href":"https:\/\/www.bs-hof.de\/index.php\/wp-json\/wp\/v2\/users\/7"}],"replies":[{"embeddable":true,"href":"https:\/\/www.bs-hof.de\/index.php\/wp-json\/wp\/v2\/comments?post=498"}],"version-history":[{"count":5,"href":"https:\/\/www.bs-hof.de\/index.php\/wp-json\/wp\/v2\/pages\/498\/revisions"}],"predecessor-version":[{"id":1417,"href":"https:\/\/www.bs-hof.de\/index.php\/wp-json\/wp\/v2\/pages\/498\/revisions\/1417"}],"up":[{"embeddable":true,"href":"https:\/\/www.bs-hof.de\/index.php\/wp-json\/wp\/v2\/pages\/492"}],"wp:attachment":[{"href":"https:\/\/www.bs-hof.de\/index.php\/wp-json\/wp\/v2\/media?parent=498"}],"curies":[{"name":"wp","href":"https:\/\/api.w.org\/{rel}","templated":true}]}}