{"id":504,"date":"2022-08-18T02:12:55","date_gmt":"2022-08-18T00:12:55","guid":{"rendered":"https:\/\/www.bs-hof.de\/?page_id=504"},"modified":"2023-01-27T08:28:13","modified_gmt":"2023-01-27T07:28:13","slug":"umweltschutz-regenerative-energien","status":"publish","type":"page","link":"https:\/\/www.bs-hof.de\/index.php\/fachschule-fuer-technik-hof\/umweltschutz-regenerative-energien\/","title":{"rendered":"Umweltschutz \/ Regenerative Energien"},"content":{"rendered":"<p>[et_pb_section fb_built=&#8220;1&#8243; admin_label=&#8220;Gr\u00fcner Balken&#8220; _builder_version=&#8220;4.17.4&#8243; _module_preset=&#8220;default&#8220; background_color=&#8220;#A7C520&#8243; height=&#8220;3vh&#8220; custom_margin=&#8220;0px|0px|0px|0px|false|false&#8220; custom_padding=&#8220;0px|0px|0px|0px|false|false&#8220; collapsed=&#8220;on&#8220; global_colors_info=&#8220;{}&#8220;][\/et_pb_section][et_pb_section fb_built=&#8220;1&#8243; make_equal=&#8220;on&#8220; specialty=&#8220;on&#8220; admin_label=&#8220;Titel&#8220; _builder_version=&#8220;4.17.4&#8243; _module_preset=&#8220;default&#8220; use_background_color_gradient=&#8220;on&#8220; background_color_gradient_type=&#8220;elliptical&#8220; background_color_gradient_direction_radial=&#8220;bottom right&#8220; background_color_gradient_stops=&#8220;#f5f6f8 10%|#dce8a7 47%|#f5f6d4 72%&#8220; background_color_gradient_overlays_image=&#8220;on&#8220; background_color_gradient_start=&#8220;rgba(40,40,40,0.79)&#8220; background_color_gradient_end=&#8220;rgba(40,40,40,0.86)&#8220; background_enable_image=&#8220;off&#8220; background_enable_pattern_style=&#8220;on&#8220; background_pattern_style=&#8220;crosses&#8220; background_pattern_color=&#8220;rgba(0,0,0,0.05)&#8220; background_pattern_size=&#8220;custom&#8220; background_pattern_width=&#8220;53px&#8220; width=&#8220;100%&#8220; inner_width=&#8220;100%&#8220; inner_max_width=&#8220;80vw&#8220; custom_margin=&#8220;||||false&#8220; custom_padding=&#8220;1vw||1vw||true|false&#8220; collapsed=&#8220;on&#8220; global_colors_info=&#8220;{}&#8220;][et_pb_column type=&#8220;2_3&#8243; specialty_columns=&#8220;2&#8243; _builder_version=&#8220;4.16&#8243; custom_padding=&#8220;|||&#8220; global_colors_info=&#8220;{}&#8220; custom_padding__hover=&#8220;|||&#8220;][et_pb_row_inner _builder_version=&#8220;4.17.4&#8243; _module_preset=&#8220;default&#8220; width=&#8220;80%&#8220; global_colors_info=&#8220;{}&#8220;][et_pb_column_inner saved_specialty_column_type=&#8220;2_3&#8243; _builder_version=&#8220;4.17.4&#8243; _module_preset=&#8220;default&#8220; global_colors_info=&#8220;{}&#8220;][et_pb_text _builder_version=&#8220;4.19.4&#8243; _module_preset=&#8220;default&#8220; header_font=&#8220;|800|||||||&#8220; header_text_color=&#8220;#493F0B&#8220; header_font_size=&#8220;4.5em&#8220; hover_enabled=&#8220;0&#8243; header_font_size_tablet=&#8220;4em&#8220; header_font_size_phone=&#8220;2.3em&#8220; header_font_size_last_edited=&#8220;on|phone&#8220; global_colors_info=&#8220;{}&#8220; sticky_enabled=&#8220;0&#8243;]<\/p>\n<h1>Umweltschutz<br class=\"b-brk\" \/>technik \/ regenerative Energien<\/h1>\n<p>[\/et_pb_text][\/et_pb_column_inner][\/et_pb_row_inner][\/et_pb_column][et_pb_column type=&#8220;1_3&#8243; _builder_version=&#8220;4.16&#8243; custom_padding=&#8220;|||&#8220; global_colors_info=&#8220;{}&#8220; custom_padding__hover=&#8220;|||&#8220;][\/et_pb_column][\/et_pb_section][et_pb_section fb_built=&#8220;1&#8243; admin_label=&#8220;Fachbereiche&#8220; _builder_version=&#8220;4.17.4&#8243; _module_preset=&#8220;default&#8220; background_color=&#8220;RGBA(255,255,255,0)&#8220; custom_padding=&#8220;|||&#8220; animation_style=&#8220;slide&#8220; animation_direction=&#8220;top&#8220; animation_intensity_slide=&#8220;10%&#8220; box_shadow_style=&#8220;preset3&#8243; box_shadow_vertical=&#8220;10px&#8220; box_shadow_blur=&#8220;105px&#8220; box_shadow_spread=&#8220;0px&#8220; box_shadow_color=&#8220;rgba(0,0,0,0.12)&#8220; collapsed=&#8220;on&#8220; global_colors_info=&#8220;{}&#8220;][et_pb_row column_structure=&#8220;1_2,1_2&#8243; make_equal=&#8220;on&#8220; _builder_version=&#8220;4.17.4&#8243; _module_preset=&#8220;default&#8220; background_color=&#8220;RGBA(255,255,255,0)&#8220; max_width=&#8220;80%&#8220; custom_margin=&#8220;|||&#8220; use_custom_width=&#8220;on&#8220; width_unit=&#8220;off&#8220; global_colors_info=&#8220;{}&#8220;][et_pb_column type=&#8220;1_2&#8243; _builder_version=&#8220;4.16&#8243; _module_preset=&#8220;default&#8220; custom_padding=&#8220;|||&#8220; global_colors_info=&#8220;{}&#8220; custom_padding__hover=&#8220;|||&#8220;][et_pb_text module_id=&#8220;berufsaussichten&#8220; _builder_version=&#8220;4.19.4&#8243; _module_preset=&#8220;default&#8220; text_font=&#8220;||||||||&#8220; header_font=&#8220;||||||||&#8220; header_2_font=&#8220;Rubik|700|||||||&#8220; header_2_text_color=&#8220;#A7C520&#8243; header_2_font_size=&#8220;42px&#8220; header_2_line_height=&#8220;1.2em&#8220; module_alignment=&#8220;center&#8220; custom_margin=&#8220;|||&#8220; custom_padding=&#8220;|||&#8220; hover_enabled=&#8220;0&#8243; header_2_font_size_tablet=&#8220;&#8220; header_2_font_size_phone=&#8220;32px&#8220; header_2_font_size_last_edited=&#8220;on|phone&#8220; locked=&#8220;off&#8220; global_colors_info=&#8220;{}&#8220; sticky_enabled=&#8220;0&#8243;]<\/p>\n<div class=\"csc-header csc-header-n1\">\n<div class=\"csc-header csc-header-n1\">\n<div class=\"csc-header csc-header-n2\">\n<div class=\"csc-header csc-header-n3\">\n<h2>Voraussetzungen f\u00fcr die Zulassung<\/h2>\n<\/div>\n<div class=\"csc-textpic-text\"><\/div>\n<\/div>\n<div class=\"csc-textpic-text\"><\/div>\n<\/div>\n<div class=\"csc-textpic-text\"><\/div>\n<\/div>\n<div class=\"csc-textpic-text\"><\/div>\n<p>[\/et_pb_text][et_pb_text _builder_version=&#8220;4.17.4&#8243; _module_preset=&#8220;default&#8220; width=&#8220;99.7%&#8220; min_height=&#8220;77.6px&#8220; custom_padding=&#8220;|35px||||&#8220; global_colors_info=&#8220;{}&#8220;]<\/p>\n<p class=\"bodytext\">Abschlusszeugnis der Berufsschule und eine erfolgreich abgeschlossene Berufsausbildung in einem der Fachrichtung <span>Umweltschutztechnik \/ regenerative Energien<\/span><span>\u00a0<\/span>entsprechenden Zugangsberuf<\/p>\n<p class=\"align-center\">und<\/p>\n<p class=\"bodytext\">eine entsprechende Berufspraxis von mindestens einem Jahr.<\/p>\n<p class=\"align-center\">Oder:<\/p>\n<p class=\"bodytext\">Eine f\u00fcr die angestrebte Ausbildungsrichtung einschl\u00e4gige berufliche T\u00e4tigkeit (ohne Abschluss) von mindestens f\u00fcnf Jahren.<\/p>\n<p>[\/et_pb_text][et_pb_image src=&#8220;https:\/\/www.bs-hof.de\/wp-content\/uploads\/2022\/09\/umweltschutz_01.jpg&#8220; title_text=&#8220;umweltschutz_01&#8243; _builder_version=&#8220;4.17.4&#8243; _module_preset=&#8220;default&#8220; global_colors_info=&#8220;{}&#8220;][\/et_pb_image][\/et_pb_column][et_pb_column type=&#8220;1_2&#8243; _builder_version=&#8220;4.16&#8243; _module_preset=&#8220;default&#8220; custom_padding=&#8220;|||&#8220; global_colors_info=&#8220;{}&#8220; custom_padding__hover=&#8220;|||&#8220;][et_pb_text module_id=&#8220;berufsaussichten&#8220; _builder_version=&#8220;4.18.0&#8243; _module_preset=&#8220;default&#8220; text_font=&#8220;||||||||&#8220; header_font=&#8220;||||||||&#8220; header_2_font=&#8220;Rubik|700|||||||&#8220; header_2_text_color=&#8220;#A7C520&#8243; header_2_font_size=&#8220;42px&#8220; header_2_line_height=&#8220;1.2em&#8220; module_alignment=&#8220;center&#8220; custom_margin=&#8220;|||&#8220; custom_padding=&#8220;|||&#8220; header_2_font_size_tablet=&#8220;&#8220; header_2_font_size_phone=&#8220;36px&#8220; header_2_font_size_last_edited=&#8220;on|phone&#8220; locked=&#8220;off&#8220; global_colors_info=&#8220;{}&#8220;]<\/p>\n<h2>Zugangsberufe f\u00fcr die Fachrichtungen Umweltschutz<br class=\"b-brk\" \/>technik \/ regenerative Energien<\/h2>\n<p>[\/et_pb_text][et_pb_text _builder_version=&#8220;4.17.4&#8243; _module_preset=&#8220;default&#8220; global_colors_info=&#8220;{}&#8220;]<\/p>\n<p class=\"bodytext\"><span>Gem. \u00a7 5 Abs. 2 FSO wurden folgende einschl\u00e4gige Berufsausbildungen f\u00fcr die Fachrichtung Umweltschutztechnik und regenative Energien festgelegt.<\/span><\/p>\n<p class=\"bodytext\"><span>Alle abgeschlossenen Berufsausbildungen in einem staatlich anerkannten Ausbildungsberuf mit einer Regelausbildungszeit von mindestens 2 Jahren in den Berufsfeldern:<\/span><\/p>\n<ul>\n<li><span>Chemie<\/span><\/li>\n<li><span>Elektrotechnik<\/span><\/li>\n<li><span>Metalltechnik<\/span><\/li>\n<\/ul>\n<p class=\"bodytext\"><span>oder eine abgeschlossene Berufsausbildung in einem der folgenden staatlich anerkannten Ausbildungsberufe:<\/span><\/p>\n<ul>\n<li><span>\u00a0<\/span><span>Baustoffpr\u00fcfer<\/span><\/li>\n<li><span>\u00a0<\/span><span>Landwirt<\/span><\/li>\n<li><span>\u00a0<\/span><span>Mechatroniker f\u00fcr K\u00e4ltetechnik<\/span><\/li>\n<li><span>Schornsteinfeger<\/span><\/li>\n<li><span>Technischer Produktdesigner (FR Maschinen- und Anlagenkonstruktion)<\/span><\/li>\n<li><span>Technischer Systemplaner (FR Versorgungs- und Ausr\u00fcstungstechnik<\/span><\/li>\n<\/ul>\n<p class=\"bodytext\"><span>sowie die Absolventen der mindestens zweij\u00e4hrigen Berufsfachschulen f\u00fcr<\/span><span><\/span><\/p>\n<ul>\n<li><span>biologisch-technische Assistenten<\/span><\/li>\n<li><span>chemisch-technische Assistenten<\/span><\/li>\n<li><span>elektrotechnische Assistenten<\/span><\/li>\n<li><span>industrietechnische und elektrotechnische Assistenten<\/span><\/li>\n<li><span>Maschinenbau<\/span><\/li>\n<li><span>physikalisch-technische Assistenten<\/span><\/li>\n<li><span>umweltschutztechnische Assistenten<\/span><\/li>\n<\/ul>\n<p class=\"bodytext\">\n<p class=\"bodytext\"><span>Aufgehobene oder durch neue Berufsbezeichnungen ersetzte Berufsbilder, die den o.g. Ausbildungen entsprechen, werden ebenfalls ber\u00fccksichtigt.<\/span><\/p>\n<p class=\"bodytext\"><span>In Abstimmung mit der Schulaufsichtsbeh\u00f6rde k\u00f6nnen auch Absolventen anderer Ausbildungsberufe aufgenommen werden, sofern sie \u00fcber einschl\u00e4gige berufliche Erfahrung im Bereich Umweltschutz und regenerative Energien verf\u00fcgen.<\/span><\/p>\n<p>[\/et_pb_text][\/et_pb_column][\/et_pb_row][\/et_pb_section][et_pb_section fb_built=&#8220;1&#8243; admin_label=&#8220;Fachbereiche&#8220; _builder_version=&#8220;4.18.0&#8243; _module_preset=&#8220;default&#8220; background_color=&#8220;RGBA(255,255,255,0)&#8220; custom_padding=&#8220;|||&#8220; animation_style=&#8220;slide&#8220; animation_direction=&#8220;top&#8220; animation_intensity_slide=&#8220;10%&#8220; collapsed=&#8220;on&#8220; global_colors_info=&#8220;{}&#8220;][et_pb_row column_structure=&#8220;1_2,1_2&#8243; make_equal=&#8220;on&#8220; _builder_version=&#8220;4.17.4&#8243; _module_preset=&#8220;default&#8220; background_color=&#8220;RGBA(255,255,255,0)&#8220; max_width=&#8220;80%&#8220; custom_margin=&#8220;|||&#8220; use_custom_width=&#8220;on&#8220; width_unit=&#8220;off&#8220; global_colors_info=&#8220;{}&#8220;][et_pb_column type=&#8220;1_2&#8243; _builder_version=&#8220;4.16&#8243; _module_preset=&#8220;default&#8220; custom_padding=&#8220;|||&#8220; global_colors_info=&#8220;{}&#8220; custom_padding__hover=&#8220;|||&#8220;][et_pb_text module_id=&#8220;abschluss&#8220; _builder_version=&#8220;4.19.4&#8243; _module_preset=&#8220;default&#8220; text_font=&#8220;||||||||&#8220; header_font=&#8220;||||||||&#8220; header_2_font=&#8220;Rubik|700|||||||&#8220; header_2_text_color=&#8220;#A7C520&#8243; header_2_font_size=&#8220;42px&#8220; header_2_line_height=&#8220;1.2em&#8220; module_alignment=&#8220;center&#8220; custom_margin=&#8220;|||&#8220; custom_padding=&#8220;|||&#8220; hover_enabled=&#8220;0&#8243; header_2_font_size_tablet=&#8220;&#8220; header_2_font_size_phone=&#8220;32px&#8220; header_2_font_size_last_edited=&#8220;on|phone&#8220; locked=&#8220;off&#8220; global_colors_info=&#8220;{}&#8220; sticky_enabled=&#8220;0&#8243;]<\/p>\n<div class=\"csc-header csc-header-n1\">\n<div class=\"csc-header csc-header-n1\">\n<div class=\"csc-header csc-header-n2\">\n<div class=\"csc-header csc-header-n3\">\n<h2>Unterrichtsf\u00e4cher<br \/>1. Schuljahr<\/h2>\n<\/div>\n<div class=\"csc-textpic-text\"><\/div>\n<\/div>\n<div class=\"csc-textpic-text\"><\/div>\n<\/div>\n<div class=\"csc-textpic-text\"><\/div>\n<\/div>\n<div class=\"csc-textpic-text\"><\/div>\n<p>[\/et_pb_text][et_pb_text _builder_version=&#8220;4.17.4&#8243; _module_preset=&#8220;default&#8220; width=&#8220;99.7%&#8220; min_height=&#8220;77.6px&#8220; custom_padding=&#8220;|35px||||&#8220; global_colors_info=&#8220;{}&#8220;]<\/p>\n<table class=\"contenttable\">\n<tbody>\n<tr>\n<td><\/td>\n<td><\/td>\n<td rowspan=\"1\"><\/td>\n<td rowspan=\"1\" class=\"align-left\"><\/td>\n<\/tr>\n<tr>\n<td rowspan=\"1\">Pflichtf\u00e4cher: &nbsp; &nbsp; &nbsp; &nbsp; &nbsp; &nbsp;<\/td>\n<th><\/th>\n<th class=\"align-left\" scope=\"row\" rowspan=\"1\"><\/th>\n<td rowspan=\"1\"><\/td>\n<\/tr>\n<tr>\n<td><\/td>\n<th><\/th>\n<th class=\"align-left\" scope=\"row\"><span style=\"font-weight: normal; \">Mathematik I<\/span><\/th>\n<td>5<\/td>\n<\/tr>\n<tr>\n<td rowspan=\"1\" class=\"align-left\">&nbsp; &nbsp; &nbsp; &nbsp; &nbsp; &nbsp;<\/td>\n<td><\/td>\n<td rowspan=\"1\">Physik und technische Mechanik<\/td>\n<td>4<\/td>\n<\/tr>\n<tr class=\"align-left\">\n<td><\/td>\n<th><\/th>\n<th class=\"align-justify\" scope=\"row\"><span style=\"font-weight: normal; \">Anorganische&nbsp;und organische Chemie &nbsp; &nbsp; &nbsp; &nbsp;&nbsp;<\/span><\/th>\n<td>5<\/td>\n<\/tr>\n<tr class=\"align-justify\">\n<td><\/td>\n<th><\/th>\n<th class=\"align-justify\" scope=\"row\"><span style=\"font-weight: normal; \">Elektrotechnik<\/span><\/th>\n<td>2<\/td>\n<\/tr>\n<tr>\n<td><\/td>\n<th><\/th>\n<th class=\"align-left\" scope=\"row\"><span style=\"font-weight: normal; \">Konstruktion<\/span><\/th>\n<td>2<\/td>\n<\/tr>\n<tr>\n<td><\/td>\n<th><\/th>\n<th class=\"align-left\" scope=\"row\"><span style=\"font-weight: normal; \">Informationstechnik<\/span><\/th>\n<td>4<\/td>\n<\/tr>\n<tr>\n<td><\/td>\n<th><\/th>\n<th class=\"align-left\" scope=\"row\"><span style=\"font-weight: normal; \">\u00d6kologie und Toxikologie<\/span><\/th>\n<td>3<\/td>\n<\/tr>\n<tr>\n<td rowspan=\"1\"><\/td>\n<th rowspan=\"1\"><\/th>\n<th class=\"align-left\" scope=\"row\" rowspan=\"1\"><span style=\"font-weight: normal;\">Bau- und Werkstoffkunde<\/span><\/th>\n<td rowspan=\"1\">2<\/td>\n<\/tr>\n<tr>\n<td rowspan=\"1\"><\/td>\n<th rowspan=\"1\"><\/th>\n<th class=\"align-left\" scope=\"row\" rowspan=\"1\"><span style=\"font-weight: normal;\">Umwelt- und Verwaltungsrecht<\/span><\/th>\n<td rowspan=\"1\">2<\/td>\n<\/tr>\n<tr>\n<td rowspan=\"1\"><\/td>\n<th rowspan=\"1\"><\/th>\n<th class=\"align-left\" scope=\"row\" rowspan=\"1\"><span style=\"font-weight: normal;\">Analytisch-chemisches Praktikum<\/span><\/th>\n<td rowspan=\"1\">3<\/td>\n<\/tr>\n<tr class=\"align-justify\">\n<td><\/td>\n<th><\/th>\n<th class=\"align-left\" scope=\"row\"><span style=\"font-weight: normal; \">Wirtschafts- und Sozialkunde<\/span><\/th>\n<td>2<\/td>\n<\/tr>\n<tr>\n<td><\/td>\n<th><\/th>\n<th class=\"align-left\" scope=\"row\"><span style=\"font-weight: normal; \">Deutsch&nbsp; <\/span><\/th>\n<td>2<\/td>\n<\/tr>\n<tr>\n<td><\/td>\n<th><\/th>\n<th class=\"align-left\" scope=\"row\"><span style=\"font-weight: normal; \">Englisch<\/span><\/th>\n<td>2<\/td>\n<\/tr>\n<tr>\n<td><\/td>\n<th><\/th>\n<th class=\"align-left\" scope=\"row\"><u>Summe der Unterrichtsstunden<\/u><\/th>\n<td><b>36<\/b><\/td>\n<\/tr>\n<tr>\n<td rowspan=\"1\"><\/td>\n<th rowspan=\"1\"><\/th>\n<th class=\"align-left\" scope=\"row\" rowspan=\"1\"><\/th>\n<td rowspan=\"1\"><\/td>\n<\/tr>\n<tr>\n<td>Wahlfach: &nbsp; &nbsp; &nbsp; &nbsp; &nbsp; &nbsp;<\/td>\n<th><\/th>\n<th scope=\"row\" rowspan=\"1\"><\/th>\n<td rowspan=\"1\"><\/td>\n<\/tr>\n<tr>\n<td><\/td>\n<th><\/th>\n<th scope=\"row\" class=\"align-left\"><span style=\"font-weight: normal; \">Berufs- und Arbeitsp\u00e4dagogik<\/span><\/th>\n<td>2<\/td>\n<\/tr>\n<\/tbody>\n<\/table>\n<p>[\/et_pb_text][et_pb_image src=&#8220;https:\/\/www.bs-hof.de\/wp-content\/uploads\/2022\/09\/umweltschutz_03.jpg&#8220; title_text=&#8220;umweltschutz_03&#8243; _builder_version=&#8220;4.17.4&#8243; _module_preset=&#8220;default&#8220; global_colors_info=&#8220;{}&#8220;][\/et_pb_image][\/et_pb_column][et_pb_column type=&#8220;1_2&#8243; _builder_version=&#8220;4.16&#8243; _module_preset=&#8220;default&#8220; custom_padding=&#8220;|||&#8220; global_colors_info=&#8220;{}&#8220; custom_padding__hover=&#8220;|||&#8220;][et_pb_text module_id=&#8220;abschluss&#8220; _builder_version=&#8220;4.19.4&#8243; _module_preset=&#8220;default&#8220; text_font=&#8220;||||||||&#8220; header_font=&#8220;||||||||&#8220; header_2_font=&#8220;Rubik|700|||||||&#8220; header_2_text_color=&#8220;#A7C520&#8243; header_2_font_size=&#8220;42px&#8220; header_2_line_height=&#8220;1.2em&#8220; module_alignment=&#8220;center&#8220; custom_margin=&#8220;|||&#8220; custom_padding=&#8220;|||&#8220; hover_enabled=&#8220;0&#8243; header_2_font_size_tablet=&#8220;&#8220; header_2_font_size_phone=&#8220;32px&#8220; header_2_font_size_last_edited=&#8220;on|phone&#8220; locked=&#8220;off&#8220; global_colors_info=&#8220;{}&#8220; sticky_enabled=&#8220;0&#8243;]<\/p>\n<div class=\"csc-header csc-header-n1\">\n<div class=\"csc-header csc-header-n1\">\n<div class=\"csc-header csc-header-n2\">\n<div class=\"csc-header csc-header-n3\">\n<h2>Unterrichtsf\u00e4cher<br \/>2. Schuljahr<\/h2>\n<\/div>\n<div class=\"csc-textpic-text\"><\/div>\n<\/div>\n<div class=\"csc-textpic-text\"><\/div>\n<\/div>\n<div class=\"csc-textpic-text\"><\/div>\n<\/div>\n<div class=\"csc-textpic-text\"><\/div>\n<p>[\/et_pb_text][et_pb_text _builder_version=&#8220;4.17.4&#8243; _module_preset=&#8220;default&#8220; global_colors_info=&#8220;{}&#8220;]<\/p>\n<table class=\"contenttable\">\n<tbody>\n<tr>\n<td rowspan=\"1\">Pflichtf\u00e4cher: &nbsp; &nbsp; &nbsp; &nbsp; &nbsp;&nbsp;<\/td>\n<td rowspan=\"1\"><\/td>\n<\/tr>\n<tr>\n<td><\/td>\n<td><span style=\"font-size:12.0pt; line-height:115%; font-family:&quot;Calibri&quot;,&quot;sans-serif&quot;\">Englisch<\/span><\/td>\n<td>2<\/td>\n<\/tr>\n<tr>\n<td><\/td>\n<td><span style=\"font-size:12.0pt; line-height:115%; font-family:&quot;Calibri&quot;,&quot;sans-serif&quot;\">Mathematik II<span>&nbsp;&nbsp;&nbsp;&nbsp;&nbsp;&nbsp;&nbsp;&nbsp;&nbsp;&nbsp; <\/span><\/span><\/td>\n<td>2<\/td>\n<\/tr>\n<tr>\n<td><\/td>\n<td><span style=\"font-size:12.0pt; line-height:115%; font-family:&quot;Calibri&quot;,&quot;sans-serif&quot;\">Betriebs<\/span><span style=\"font-size:12.0pt; line-height:115%; font-family:&quot;Calibri&quot;,&quot;sans-serif&quot;\">psychologie<\/span><\/td>\n<td>2<\/td>\n<\/tr>\n<tr>\n<td><\/td>\n<td><span style=\"font-size:12.0pt; line-height:115%; font-family:&quot;Calibri&quot;,&quot;sans-serif&quot;\">Betriebswirtschaftl. Prozesse &nbsp; &nbsp; &nbsp; &nbsp; &nbsp; &nbsp; &nbsp;<\/span><\/td>\n<td>2<\/td>\n<\/tr>\n<tr>\n<td>W<span style=\"font-family: Calibri, sans-serif; font-size: 12pt; line-height: 115%; \">ahlpflichtf\u00e4cher:<\/span><\/td>\n<td>&nbsp; &nbsp;<\/td>\n<td>&nbsp;<\/td>\n<\/tr>\n<tr>\n<td rowspan=\"1\"><\/td>\n<td rowspan=\"1\"><span style=\"font-family: Calibri, sans-serif; font-size: 16px; line-height: 18.399999618530273px; \">Projektarbeit<\/span><\/td>\n<td rowspan=\"1\">3<\/td>\n<\/tr>\n<tr>\n<td><\/td>\n<td><span style=\"font-size:12.0pt; line-height:115%; font-family:&quot;Calibri&quot;,&quot;sans-serif&quot;\">Regenerative Energiesysteme* &nbsp; &nbsp;&nbsp;<\/span><\/td>\n<td>4<\/td>\n<\/tr>\n<tr>\n<td><\/td>\n<td><span style=\"font-size:12.0pt; line-height:115%; font-family:&quot;Calibri&quot;,&quot;sans-serif&quot;\">Verfahrenstechnik*<\/span><\/td>\n<td>4<\/td>\n<\/tr>\n<tr>\n<td rowspan=\"1\"><\/td>\n<td rowspan=\"1\"><b><u>Summe der Unterrichtsstunden<\/u><\/b><\/td>\n<td rowspan=\"1\"><b>19<\/b><\/td>\n<\/tr>\n<tr>\n<td><\/td>\n<td><\/td>\n<td>&nbsp;<\/td>\n<\/tr>\n<tr>\n<td><span style=\"font-size:12.0pt; line-height:115%\">Wahlf\u00e4cher:<\/span><\/td>\n<td><\/td>\n<td><\/td>\n<\/tr>\n<tr>\n<td rowspan=\"1\"><\/td>\n<td rowspan=\"1\"><span style=\"font-family: Calibri, sans-serif; font-size: 16px; line-height: 18.399999618530273px; \">Prozessleit- u. Steuerungstechnik*<\/span><\/td>\n<td rowspan=\"1\">3<\/td>\n<\/tr>\n<tr>\n<td rowspan=\"1\"><\/td>\n<td rowspan=\"1\">Regelungstechnik*<\/td>\n<td rowspan=\"1\">3<\/td>\n<\/tr>\n<tr>\n<td rowspan=\"1\"><\/td>\n<td rowspan=\"1\">Energie- u. Betriebstechnik*<\/td>\n<td rowspan=\"1\">3<\/td>\n<\/tr>\n<tr>\n<td><\/td>\n<td><span><span style=\"font-size:12.0pt; line-height:115%; font-family:&quot;Calibri&quot;,&quot;sans-serif&quot;\">Kraft- u. Arbeitsmaschinen*<span>&nbsp;&nbsp;&nbsp;&nbsp;&nbsp;&nbsp;&nbsp; <\/span><\/span><\/span><\/td>\n<td>3<\/td>\n<\/tr>\n<tr>\n<td rowspan=\"1\"><\/td>\n<td rowspan=\"1\">Methoden der Umweltanalytik*<\/td>\n<td rowspan=\"1\">2<\/td>\n<\/tr>\n<tr>\n<td rowspan=\"1\"><\/td>\n<td rowspan=\"1\">Abfallwirtschaft und Recycling*<\/td>\n<td rowspan=\"1\">4<\/td>\n<\/tr>\n<tr>\n<td><\/td>\n<td><span style=\"font-size:12.0pt; line-height:115%; font-family:&quot;Calibri&quot;,&quot;sans-serif&quot;\">Systeme zur Luftreinhaltung*<\/span><\/td>\n<td>4<\/td>\n<\/tr>\n<tr>\n<td rowspan=\"1\"><\/td>\n<td rowspan=\"1\">Bodenkunde und Geologie*<\/td>\n<td rowspan=\"1\">2<\/td>\n<\/tr>\n<tr>\n<td rowspan=\"1\"><\/td>\n<td rowspan=\"1\">Luftreinhaltung*<\/td>\n<td rowspan=\"1\">2<\/td>\n<\/tr>\n<tr>\n<td rowspan=\"1\"><\/td>\n<td rowspan=\"1\">Strahlenschutz*<\/td>\n<td rowspan=\"1\">2<\/td>\n<\/tr>\n<tr>\n<td rowspan=\"1\"><\/td>\n<td rowspan=\"1\">Gew\u00e4sserschutz u. Abwassertechnik* &nbsp; &nbsp; &nbsp; &nbsp; &nbsp;<\/td>\n<td rowspan=\"1\">2<\/td>\n<\/tr>\n<tr>\n<td rowspan=\"1\"><\/td>\n<td rowspan=\"1\">Trinkwasseraufbereitung*<\/td>\n<td rowspan=\"1\">2<\/td>\n<\/tr>\n<tr>\n<td rowspan=\"1\"><\/td>\n<td rowspan=\"1\">Arbeitsschutz- u. sicherheit*<\/td>\n<td rowspan=\"1\">2<\/td>\n<\/tr>\n<tr>\n<td><\/td>\n<td><span style=\"font-size:12.0pt; line-height:115%; font-family:&quot;Calibri&quot;,&quot;sans-serif&quot;\">Umwelt- u. Qualit\u00e4tsmanagement*<\/span><\/td>\n<td>2<\/td>\n<\/tr>\n<tr>\n<td><\/td>\n<td><\/td>\n<td><\/td>\n<\/tr>\n<\/tbody>\n<\/table>\n<p>[\/et_pb_text][et_pb_text _builder_version=&#8220;4.17.4&#8243; _module_preset=&#8220;default&#8220; global_colors_info=&#8220;{}&#8220;]<\/p>\n<p class=\"bodytext\">Mit * gekennzeichnete F\u00e4cher sind m\u00f6gliche Abschlusspr\u00fcfunmgsf\u00e4cher<\/p>\n<p class=\"bodytext\"><span>Gesamtstundenzahl: mindestens 34 (32)\u00a0\u00a0\u00a0\u00a0\u00a0\u00a0\u00a0\u00a0\u00a0\u00a0\u00a0\u00a0\u00a0\u00a0\u00a0\u00a0\u00a0 mit (ohne) Mathematik II<\/span><\/p>\n<p class=\"bodytext\">\u00a0<span>\u00a0 \u00a0 \u00a0 \u00a0 \u00a0 \u00a0 \u00a0 \u00a0 \u00a0 \u00a0 \u00a0 \u00a0 \u00a0 \u00a0 \u00a0 \u00a0 \u00a0 \u00a0 \u00a0 maximal\u00a0 \u00a0 \u00a0 37 (35)<\/span><\/p>\n<p class=\"bodytext\">\u00a0Die Auflistung stellte eine m\u00f6gliche Auswahl dar. Diese kann sich von Jahr zu Jahr etwas \u00e4ndern.<\/p>\n<p>[\/et_pb_text][\/et_pb_column][\/et_pb_row][\/et_pb_section]<\/p>\n","protected":false},"excerpt":{"rendered":"<p>Umweltschutztechnik \/ regenerative Energien Voraussetzungen f\u00fcr die Zulassung Abschlusszeugnis der Berufsschule und eine erfolgreich abgeschlossene Berufsausbildung in einem der Fachrichtung Umweltschutztechnik \/ regenerative Energien\u00a0entsprechenden Zugangsberuf und eine entsprechende Berufspraxis von mindestens einem Jahr. Oder: Eine f\u00fcr die angestrebte Ausbildungsrichtung einschl\u00e4gige berufliche T\u00e4tigkeit (ohne Abschluss) von mindestens f\u00fcnf Jahren.Zugangsberufe f\u00fcr die Fachrichtungen Umweltschutztechnik \/ regenerative EnergienGem. [&hellip;]<\/p>\n","protected":false},"author":7,"featured_media":0,"parent":119,"menu_order":0,"comment_status":"closed","ping_status":"closed","template":"","meta":{"_et_pb_use_builder":"on","_et_pb_old_content":"<!-- wp:divi\/placeholder \/-->","_et_gb_content_width":"","inline_featured_image":false,"footnotes":""},"class_list":["post-504","page","type-page","status-publish","hentry"],"_links":{"self":[{"href":"https:\/\/www.bs-hof.de\/index.php\/wp-json\/wp\/v2\/pages\/504","targetHints":{"allow":["GET"]}}],"collection":[{"href":"https:\/\/www.bs-hof.de\/index.php\/wp-json\/wp\/v2\/pages"}],"about":[{"href":"https:\/\/www.bs-hof.de\/index.php\/wp-json\/wp\/v2\/types\/page"}],"author":[{"embeddable":true,"href":"https:\/\/www.bs-hof.de\/index.php\/wp-json\/wp\/v2\/users\/7"}],"replies":[{"embeddable":true,"href":"https:\/\/www.bs-hof.de\/index.php\/wp-json\/wp\/v2\/comments?post=504"}],"version-history":[{"count":8,"href":"https:\/\/www.bs-hof.de\/index.php\/wp-json\/wp\/v2\/pages\/504\/revisions"}],"predecessor-version":[{"id":1735,"href":"https:\/\/www.bs-hof.de\/index.php\/wp-json\/wp\/v2\/pages\/504\/revisions\/1735"}],"up":[{"embeddable":true,"href":"https:\/\/www.bs-hof.de\/index.php\/wp-json\/wp\/v2\/pages\/119"}],"wp:attachment":[{"href":"https:\/\/www.bs-hof.de\/index.php\/wp-json\/wp\/v2\/media?parent=504"}],"curies":[{"name":"wp","href":"https:\/\/api.w.org\/{rel}","templated":true}]}}