{"id":508,"date":"2022-08-18T02:13:50","date_gmt":"2022-08-18T00:13:50","guid":{"rendered":"https:\/\/www.bs-hof.de\/?page_id=508"},"modified":"2024-11-18T12:29:57","modified_gmt":"2024-11-18T11:29:57","slug":"foerderung","status":"publish","type":"page","link":"https:\/\/www.bs-hof.de\/index.php\/fachschule-fuer-technik-hof\/foerderung\/","title":{"rendered":"F\u00f6rderung"},"content":{"rendered":"<p>[et_pb_section fb_built=&#8220;1&#8243; admin_label=&#8220;Gr\u00fcner Balken&#8220; _builder_version=&#8220;4.17.4&#8243; _module_preset=&#8220;default&#8220; background_color=&#8220;#A7C520&#8243; height=&#8220;3vh&#8220; custom_margin=&#8220;0px|0px|0px|0px|false|false&#8220; custom_padding=&#8220;0px|0px|0px|0px|false|false&#8220; da_disable_devices=&#8220;off|off|off&#8220; collapsed=&#8220;on&#8220; global_colors_info=&#8220;{}&#8220; da_is_popup=&#8220;off&#8220; da_exit_intent=&#8220;off&#8220; da_has_close=&#8220;on&#8220; da_alt_close=&#8220;off&#8220; da_dark_close=&#8220;off&#8220; da_not_modal=&#8220;on&#8220; da_is_singular=&#8220;off&#8220; da_with_loader=&#8220;off&#8220; da_has_shadow=&#8220;on&#8220;][\/et_pb_section][et_pb_section fb_built=&#8220;1&#8243; make_equal=&#8220;on&#8220; specialty=&#8220;on&#8220; admin_label=&#8220;Titel&#8220; _builder_version=&#8220;4.17.4&#8243; _module_preset=&#8220;default&#8220; use_background_color_gradient=&#8220;on&#8220; background_color_gradient_type=&#8220;elliptical&#8220; background_color_gradient_direction_radial=&#8220;bottom right&#8220; background_color_gradient_stops=&#8220;#f5f6f8 10%|#dce8a7 47%|#f5f6d4 72%&#8220; background_color_gradient_overlays_image=&#8220;on&#8220; background_color_gradient_start=&#8220;rgba(40,40,40,0.79)&#8220; background_color_gradient_end=&#8220;rgba(40,40,40,0.86)&#8220; background_enable_image=&#8220;off&#8220; background_enable_pattern_style=&#8220;on&#8220; background_pattern_style=&#8220;crosses&#8220; background_pattern_color=&#8220;rgba(0,0,0,0.05)&#8220; background_pattern_size=&#8220;custom&#8220; background_pattern_width=&#8220;53px&#8220; width=&#8220;100%&#8220; inner_width=&#8220;100%&#8220; inner_max_width=&#8220;80vw&#8220; custom_margin=&#8220;||||false&#8220; custom_padding=&#8220;1vw||1vw||true|false&#8220; da_disable_devices=&#8220;off|off|off&#8220; collapsed=&#8220;on&#8220; global_colors_info=&#8220;{}&#8220; da_is_popup=&#8220;off&#8220; da_exit_intent=&#8220;off&#8220; da_has_close=&#8220;on&#8220; da_alt_close=&#8220;off&#8220; da_dark_close=&#8220;off&#8220; da_not_modal=&#8220;on&#8220; da_is_singular=&#8220;off&#8220; da_with_loader=&#8220;off&#8220; da_has_shadow=&#8220;on&#8220;][et_pb_column type=&#8220;2_3&#8243; specialty_columns=&#8220;2&#8243; _builder_version=&#8220;4.16&#8243; custom_padding=&#8220;|||&#8220; global_colors_info=&#8220;{}&#8220; custom_padding__hover=&#8220;|||&#8220;][et_pb_row_inner _builder_version=&#8220;4.17.4&#8243; _module_preset=&#8220;default&#8220; width=&#8220;80%&#8220; global_colors_info=&#8220;{}&#8220;][et_pb_column_inner saved_specialty_column_type=&#8220;2_3&#8243; _builder_version=&#8220;4.17.4&#8243; _module_preset=&#8220;default&#8220; global_colors_info=&#8220;{}&#8220;][et_pb_text _builder_version=&#8220;4.19.4&#8243; _module_preset=&#8220;default&#8220; header_font=&#8220;|800|||||||&#8220; header_text_color=&#8220;#493F0B&#8220; header_font_size=&#8220;5em&#8220; header_font_size_tablet=&#8220;5em&#8220; header_font_size_phone=&#8220;3.3em&#8220; header_font_size_last_edited=&#8220;on|phone&#8220; global_colors_info=&#8220;{}&#8220;]<\/p>\n<h1 class=\"csc-firstHeader\">F\u00f6rderung<\/h1>\n<p>[\/et_pb_text][\/et_pb_column_inner][\/et_pb_row_inner][\/et_pb_column][et_pb_column type=&#8220;1_3&#8243; _builder_version=&#8220;4.16&#8243; custom_padding=&#8220;|||&#8220; global_colors_info=&#8220;{}&#8220; custom_padding__hover=&#8220;|||&#8220;][\/et_pb_column][\/et_pb_section][et_pb_section fb_built=&#8220;1&#8243; admin_label=&#8220;Fachbereiche&#8220; _builder_version=&#8220;4.17.4&#8243; _module_preset=&#8220;default&#8220; background_color=&#8220;RGBA(255,255,255,0)&#8220; custom_padding=&#8220;|||&#8220; animation_style=&#8220;slide&#8220; animation_direction=&#8220;top&#8220; animation_intensity_slide=&#8220;10%&#8220; da_disable_devices=&#8220;off|off|off&#8220; box_shadow_style=&#8220;preset3&#8243; box_shadow_vertical=&#8220;10px&#8220; box_shadow_blur=&#8220;105px&#8220; box_shadow_spread=&#8220;0px&#8220; box_shadow_color=&#8220;rgba(0,0,0,0.12)&#8220; collapsed=&#8220;on&#8220; global_colors_info=&#8220;{}&#8220; da_is_popup=&#8220;off&#8220; da_exit_intent=&#8220;off&#8220; da_has_close=&#8220;on&#8220; da_alt_close=&#8220;off&#8220; da_dark_close=&#8220;off&#8220; da_not_modal=&#8220;on&#8220; da_is_singular=&#8220;off&#8220; da_with_loader=&#8220;off&#8220; da_has_shadow=&#8220;on&#8220;][et_pb_row column_structure=&#8220;1_2,1_2&#8243; make_equal=&#8220;on&#8220; _builder_version=&#8220;4.17.4&#8243; _module_preset=&#8220;default&#8220; background_color=&#8220;RGBA(255,255,255,0)&#8220; max_width=&#8220;80%&#8220; custom_margin=&#8220;|||&#8220; use_custom_width=&#8220;on&#8220; width_unit=&#8220;off&#8220; global_colors_info=&#8220;{}&#8220;][et_pb_column type=&#8220;1_2&#8243; _builder_version=&#8220;4.16&#8243; _module_preset=&#8220;default&#8220; custom_padding=&#8220;|||&#8220; global_colors_info=&#8220;{}&#8220; custom_padding__hover=&#8220;|||&#8220;][et_pb_text module_id=&#8220;berufsaussichten&#8220; _builder_version=&#8220;4.17.4&#8243; _module_preset=&#8220;default&#8220; text_font=&#8220;||||||||&#8220; header_font=&#8220;||||||||&#8220; header_2_font=&#8220;Rubik|700|||||||&#8220; header_2_text_color=&#8220;#A7C520&#8243; header_2_font_size=&#8220;42px&#8220; header_2_line_height=&#8220;1.2em&#8220; module_alignment=&#8220;center&#8220; custom_margin=&#8220;|||&#8220; custom_padding=&#8220;|||&#8220; header_2_font_size_tablet=&#8220;&#8220; header_2_font_size_phone=&#8220;36px&#8220; header_2_font_size_last_edited=&#8220;on|phone&#8220; locked=&#8220;off&#8220; global_colors_info=&#8220;{}&#8220;]<\/p>\n<div class=\"csc-header csc-header-n1\">\n<div class=\"csc-header csc-header-n1\">\n<div class=\"csc-header csc-header-n2\">\n<div class=\"csc-header csc-header-n3\">\n<h2 class=\"csc-firstHeader\">Kosten<\/h2>\n<\/div>\n<div class=\"csc-textpic-text\"><\/div>\n<\/div>\n<div class=\"csc-textpic-text\"><\/div>\n<\/div>\n<div class=\"csc-textpic-text\"><\/div>\n<\/div>\n<div class=\"csc-textpic-text\"><\/div>\n<p>[\/et_pb_text][et_pb_text _builder_version=&#8220;4.17.4&#8243; _module_preset=&#8220;default&#8220; width=&#8220;99.7%&#8220; min_height=&#8220;77.6px&#8220; custom_margin=&#8220;||||false|false&#8220; custom_padding=&#8220;|35px||||&#8220; global_colors_info=&#8220;{}&#8220;]<\/p>\n<p class=\"bodytext\">Die Staatliche Fachschule f\u00fcr Technik Hof ist eine \u00f6ffentliche Fachschule und die Ausbildung ist geb\u00fchrenfrei.<\/p>\n<p class=\"bodytext\">Es entstehen jedoch Kosten f\u00fcr die Anschaffung von Arbeitsger\u00e4ten (Taschenrechner, evtl. Notebook), Fachb\u00fcchern, Unterrichtsmaterial und Exkursionen. Diese Kosten lassen sich nicht eindeutig beziffern, da sie von\u00a0der Ausbildungsrichtung und individuellen\u00a0Anspr\u00fcchen\u00a0abh\u00e4ngig sind.<\/p>\n<p>[\/et_pb_text][et_pb_text module_id=&#8220;berufsaussichten&#8220; _builder_version=&#8220;4.17.4&#8243; _module_preset=&#8220;default&#8220; text_font=&#8220;||||||||&#8220; header_font=&#8220;||||||||&#8220; header_2_font=&#8220;Rubik|700|||||||&#8220; header_2_text_color=&#8220;#A7C520&#8243; header_2_font_size=&#8220;42px&#8220; header_2_line_height=&#8220;1.2em&#8220; module_alignment=&#8220;center&#8220; custom_margin=&#8220;|||&#8220; custom_padding=&#8220;|||&#8220; header_2_font_size_tablet=&#8220;&#8220; header_2_font_size_phone=&#8220;36px&#8220; header_2_font_size_last_edited=&#8220;on|phone&#8220; locked=&#8220;off&#8220; global_colors_info=&#8220;{}&#8220;]<\/p>\n<div class=\"csc-header csc-header-n1\">\n<div class=\"csc-header csc-header-n1\">\n<div class=\"csc-header csc-header-n2\">\n<div class=\"csc-header csc-header-n3\">\n<h2>F\u00f6rderung<\/h2>\n<\/div>\n<div class=\"csc-textpic-text\"><\/div>\n<\/div>\n<div class=\"csc-textpic-text\"><\/div>\n<\/div>\n<div class=\"csc-textpic-text\"><\/div>\n<\/div>\n<div class=\"csc-textpic-text\"><\/div>\n<p>[\/et_pb_text][et_pb_text _builder_version=&#8220;4.27.3&#8243; _module_preset=&#8220;default&#8220; width=&#8220;99.7%&#8220; min_height=&#8220;77.6px&#8220; custom_margin=&#8220;||||false|false&#8220; custom_padding=&#8220;|35px||||&#8220; hover_enabled=&#8220;0&#8243; global_colors_info=&#8220;{}&#8220; sticky_enabled=&#8220;0&#8243;]<\/p>\n<p class=\"bodytext\"><b>BAf\u00f6G \/ Meister-BAf\u00f6G<\/b><\/p>\n<p class=\"bodytext\">Spezielle Ausk\u00fcnfte erteilen die BAf\u00f6G-Stellen der Stadtverwaltungen und der Landrats\u00e4mter<\/p>\n<p class=\"bodytext\">N\u00e4here Informationen erhalten Sie auch unter<span>\u00a0<\/span><a href=\"http:\/\/www.xn--bafg-7qa.de\/\" title=\"\u00d6ffnet externen Link in neuem Fenster\" target=\"_blank\" class=\"external-link-new-window\" rel=\"noopener\">BAf\u00f6G<\/a>.<\/p>\n<p class=\"bodytext\"><b>Darlehen<\/b><\/p>\n<p class=\"bodytext\">Antr\u00e4ge f\u00fcr Darlehen zur F\u00f6rderung von beruflichen Fortbildungsma\u00dfnahmen sind bei allen Hausbanken erh\u00e4ltlich<\/p>\n<p class=\"bodytext\"><b>SGB III<\/b><\/p>\n<p class=\"bodytext\">Spezielle Ausk\u00fcnfte erteilt die Agentur f\u00fcr Arbeit<\/p>\n<p class=\"bodytext\"><b>Meisterbonus (nach bestandener Pr\u00fcfung)<br \/><\/b><\/p>\n<p class=\"bodytext\">Ausk\u00fcnfte gibt es hier: <a href=\"https:\/\/www.las.bayern.de\/schulfinanzierung\/meisterbonus_faqs.html\" target=\"_blank\" rel=\"noopener\" title=\"Meisterbonus\">Meisterbonus<\/a><\/p>\n<p>[\/et_pb_text][\/et_pb_column][et_pb_column type=&#8220;1_2&#8243; _builder_version=&#8220;4.16&#8243; _module_preset=&#8220;default&#8220; custom_padding=&#8220;|||&#8220; global_colors_info=&#8220;{}&#8220; custom_padding__hover=&#8220;|||&#8220;][et_pb_image src=&#8220;https:\/\/www.bs-hof.de\/wp-content\/uploads\/2022\/09\/foerderung_01.jpg&#8220; title_text=&#8220;foerderung_01&#8243; _builder_version=&#8220;4.17.4&#8243; _module_preset=&#8220;default&#8220; global_colors_info=&#8220;{}&#8220;][\/et_pb_image][\/et_pb_column][\/et_pb_row][\/et_pb_section][et_pb_section fb_built=&#8220;1&#8243; admin_label=&#8220;Fachbereiche&#8220; _builder_version=&#8220;4.17.4&#8243; _module_preset=&#8220;default&#8220; background_color=&#8220;#F5F6D4&#8243; custom_padding=&#8220;|||&#8220; animation_style=&#8220;slide&#8220; animation_direction=&#8220;top&#8220; animation_intensity_slide=&#8220;10%&#8220; da_disable_devices=&#8220;off|off|off&#8220; box_shadow_style=&#8220;preset3&#8243; box_shadow_vertical=&#8220;10px&#8220; box_shadow_blur=&#8220;105px&#8220; box_shadow_spread=&#8220;0px&#8220; box_shadow_color=&#8220;rgba(0,0,0,0.12)&#8220; collapsed=&#8220;on&#8220; global_colors_info=&#8220;{}&#8220; da_is_popup=&#8220;off&#8220; da_exit_intent=&#8220;off&#8220; da_has_close=&#8220;on&#8220; da_alt_close=&#8220;off&#8220; da_dark_close=&#8220;off&#8220; da_not_modal=&#8220;on&#8220; da_is_singular=&#8220;off&#8220; da_with_loader=&#8220;off&#8220; da_has_shadow=&#8220;on&#8220;][et_pb_row make_equal=&#8220;on&#8220; _builder_version=&#8220;4.17.4&#8243; _module_preset=&#8220;default&#8220; background_color=&#8220;RGBA(255,255,255,0)&#8220; max_width=&#8220;80%&#8220; custom_margin=&#8220;|||&#8220; use_custom_width=&#8220;on&#8220; width_unit=&#8220;off&#8220; global_colors_info=&#8220;{}&#8220;][et_pb_column type=&#8220;4_4&#8243; _builder_version=&#8220;4.16&#8243; _module_preset=&#8220;default&#8220; custom_padding=&#8220;|||&#8220; global_colors_info=&#8220;{}&#8220; custom_padding__hover=&#8220;|||&#8220;][et_pb_text module_id=&#8220;berufsaussichten&#8220; _builder_version=&#8220;4.19.4&#8243; _module_preset=&#8220;default&#8220; text_font=&#8220;||||||||&#8220; header_font=&#8220;||||||||&#8220; header_2_font=&#8220;Rubik|700|||||||&#8220; header_2_text_color=&#8220;#A7C520&#8243; header_2_font_size=&#8220;42px&#8220; header_2_line_height=&#8220;1.2em&#8220; module_alignment=&#8220;center&#8220; custom_margin=&#8220;|||&#8220; custom_padding=&#8220;|||&#8220; header_2_font_size_tablet=&#8220;&#8220; header_2_font_size_phone=&#8220;36px&#8220; header_2_font_size_last_edited=&#8220;on|phone&#8220; locked=&#8220;off&#8220; global_colors_info=&#8220;{}&#8220;]<\/p>\n<h2>Firmen<br class=\"b-brk\" \/>stipendium<\/h2>\n<p>[\/et_pb_text][\/et_pb_column][\/et_pb_row][et_pb_row column_structure=&#8220;1_2,1_2&#8243; make_equal=&#8220;on&#8220; _builder_version=&#8220;4.17.4&#8243; _module_preset=&#8220;default&#8220; background_color=&#8220;RGBA(255,255,255,0)&#8220; max_width=&#8220;80%&#8220; custom_margin=&#8220;|||&#8220; use_custom_width=&#8220;on&#8220; width_unit=&#8220;off&#8220; global_colors_info=&#8220;{}&#8220;][et_pb_column type=&#8220;1_2&#8243; _builder_version=&#8220;4.16&#8243; _module_preset=&#8220;default&#8220; custom_padding=&#8220;|||&#8220; global_colors_info=&#8220;{}&#8220; custom_padding__hover=&#8220;|||&#8220;][et_pb_blurb image=&#8220;https:\/\/www.bs-hof.de\/wp-content\/uploads\/2022\/09\/Logo_SFT_Firmenstipendium_01.jpg&#8220; icon_placement=&#8220;left&#8220; image_icon_width=&#8220;92px&#8220; content_max_width=&#8220;100%&#8220; _builder_version=&#8220;4.17.4&#8243; _module_preset=&#8220;default&#8220; header_font=&#8220;|600|||||||&#8220; header_text_color=&#8220;#4C331B&#8220; module_alignment=&#8220;left&#8220; custom_margin=&#8220;|0px||0px|false|true&#8220; custom_padding=&#8220;|0px||0px|false|true&#8220; global_colors_info=&#8220;{}&#8220;]<\/p>\n<p class=\"bodytext\">In Anlehnung an das vom Bundesministerium f\u00fcr Bildung und Forschung ins Leben gerufene Deutschlandstipendium, m\u00f6chte die Technikerschule Hof in enger Zusammenarbeit mit FERCHAU Engineering GmbH eine weitere M\u00f6glichkeit der F\u00f6rderung f\u00fcr begabte junge Menschen im Bereich der beruflichen Weiterqualifizierung anbieten.<\/p>\n<p class=\"bodytext\">Bewerben k\u00f6nnen sich alle Studierenden des ersten Ausbildungsjahres an der Fachschule f\u00fcr Technik Hof. Die F\u00f6rderung umfasst einen monatlichen Zuschuss von 150,-\u00a0 \u20ac, \u00fcber einen Zeitraum von 12 Monaten.<\/p>\n<p class=\"bodytext\"><b>Wie auch im Deutschlandstipendium sind f\u00fcr die Vergabe\u00a0 nicht nur gute Noten ausschlagebebend.<\/b><\/p>\n<p class=\"bodytext\">Die Vergabe soll an Bewerberinnen und Bewerber erfolgen, die hervorragende Studienleistungen aufweisen bzw. deren bisherige Entwicklung besonders gute Leistungen in ihrem zuk\u00fcnftigen Werdegang \u00a0erwarten l\u00e4sst. Daneben finden aber auch folgende Punkte Anerkennung:<\/p>\n<ol type=\"1\" start=\"1\">\n<li>besondere Erfolge, Auszeichnungen und Preise, die vorangegangene Berufst\u00e4tigkeit,<\/li>\n<li>au\u00dferschulisches Engagement wie ehrenamtliche T\u00e4tigkeiten,<\/li>\n<li>besondere pers\u00f6nliche oder famili\u00e4re Umst\u00e4nde wie Krankheiten oder Behinderung, die Betreuung eigener Kinder oder pflegebed\u00fcrftiger Angeh\u00f6riger, etc..<\/li>\n<\/ol>\n<p class=\"bodytext\">Informationen zur Antragstellung finden Sie\u00a0unten.<\/p>\n<p>[\/et_pb_blurb][\/et_pb_column][et_pb_column type=&#8220;1_2&#8243; _builder_version=&#8220;4.16&#8243; _module_preset=&#8220;default&#8220; custom_padding=&#8220;|||&#8220; global_colors_info=&#8220;{}&#8220; custom_padding__hover=&#8220;|||&#8220;][et_pb_blurb title=&#8220;Das Firmenstipendium&#8220; image=&#8220;https:\/\/www.bs-hof.de\/wp-content\/uploads\/2022\/09\/Logo_Ferchau_01.jpg&#8220; icon_placement=&#8220;left&#8220; image_icon_width=&#8220;200px&#8220; content_max_width=&#8220;100%&#8220; icon_placement_tablet=&#8220;left&#8220; icon_placement_phone=&#8220;top&#8220; icon_placement_last_edited=&#8220;on|phone&#8220; _builder_version=&#8220;4.18.0&#8243; _module_preset=&#8220;default&#8220; header_font=&#8220;|600|||||||&#8220; header_text_color=&#8220;#4C331B&#8220; module_alignment=&#8220;left&#8220; custom_margin=&#8220;|0px||0px|false|true&#8220; custom_padding=&#8220;|0px||0px|false|true&#8220; global_colors_info=&#8220;{}&#8220;]<\/p>\n<p class=\"bodytext\">wurde angeregt von Ferchau ENGINEERING zusammen mit der Fachschule f\u00fcr Technik auf den Weg gebracht. Selbstverst\u00e4ndlich sind wir immer auf der Suche nach weiteren F\u00f6rderern, die mit ihrer finanziellen Unterst\u00fctzung junge motivierte Fachkr\u00e4fte ermutigen wollen, sich durch Weiterbildung \u00a0beruflichen Erfolg zu sichern.<\/p>\n<p class=\"bodytext\">F\u00fcr das Jahr 2018\/19 legt FERCHAU Engineering GmbH den Grundstein f\u00fcr ein fachungebundenes Stipendium.<\/p>\n<p>[\/et_pb_blurb][et_pb_text _builder_version=&#8220;4.17.4&#8243; _module_preset=&#8220;default&#8220; global_colors_info=&#8220;{}&#8220;]<\/p>\n<p class=\"bodytext\"><b>Ansprechpartner f\u00fcr F\u00f6rderer:<\/b><\/p>\n<p class=\"bodytext\"><b>Sie m\u00f6chten junge Talente f\u00f6rdern? Bitte sprechen Sie mich an:<\/b><\/p>\n<p class=\"bodytext\">Herr Alexander Ott freut sich \u00fcber Ihre<span>\u00a0<\/span><a href=\"mailto:ott@bs-hof.de\" title=\"\u00d6ffnet ein Fenster zum Versenden der E-Mail\" class=\"mail\"><i><u>E-Mail<span>\u00a0<\/span><\/u><\/i><\/a>!<\/p>\n<p>[\/et_pb_text][\/et_pb_column][\/et_pb_row][\/et_pb_section]<\/p>\n","protected":false},"excerpt":{"rendered":"<p>F\u00f6rderung Kosten Die Staatliche Fachschule f\u00fcr Technik Hof ist eine \u00f6ffentliche Fachschule und die Ausbildung ist geb\u00fchrenfrei. Es entstehen jedoch Kosten f\u00fcr die Anschaffung von Arbeitsger\u00e4ten (Taschenrechner, evtl. Notebook), Fachb\u00fcchern, Unterrichtsmaterial und Exkursionen. Diese Kosten lassen sich nicht eindeutig beziffern, da sie von\u00a0der Ausbildungsrichtung und individuellen\u00a0Anspr\u00fcchen\u00a0abh\u00e4ngig sind. F\u00f6rderung BAf\u00f6G \/ Meister-BAf\u00f6G Spezielle Ausk\u00fcnfte erteilen die [&hellip;]<\/p>\n","protected":false},"author":7,"featured_media":0,"parent":119,"menu_order":0,"comment_status":"closed","ping_status":"closed","template":"","meta":{"_et_pb_use_builder":"on","_et_pb_old_content":"<!-- wp:divi\/placeholder \/-->","_et_gb_content_width":"","inline_featured_image":false,"footnotes":""},"class_list":["post-508","page","type-page","status-publish","hentry"],"_links":{"self":[{"href":"https:\/\/www.bs-hof.de\/index.php\/wp-json\/wp\/v2\/pages\/508","targetHints":{"allow":["GET"]}}],"collection":[{"href":"https:\/\/www.bs-hof.de\/index.php\/wp-json\/wp\/v2\/pages"}],"about":[{"href":"https:\/\/www.bs-hof.de\/index.php\/wp-json\/wp\/v2\/types\/page"}],"author":[{"embeddable":true,"href":"https:\/\/www.bs-hof.de\/index.php\/wp-json\/wp\/v2\/users\/7"}],"replies":[{"embeddable":true,"href":"https:\/\/www.bs-hof.de\/index.php\/wp-json\/wp\/v2\/comments?post=508"}],"version-history":[{"count":11,"href":"https:\/\/www.bs-hof.de\/index.php\/wp-json\/wp\/v2\/pages\/508\/revisions"}],"predecessor-version":[{"id":3055,"href":"https:\/\/www.bs-hof.de\/index.php\/wp-json\/wp\/v2\/pages\/508\/revisions\/3055"}],"up":[{"embeddable":true,"href":"https:\/\/www.bs-hof.de\/index.php\/wp-json\/wp\/v2\/pages\/119"}],"wp:attachment":[{"href":"https:\/\/www.bs-hof.de\/index.php\/wp-json\/wp\/v2\/media?parent=508"}],"curies":[{"name":"wp","href":"https:\/\/api.w.org\/{rel}","templated":true}]}}