{"id":510,"date":"2022-08-18T02:14:14","date_gmt":"2022-08-18T00:14:14","guid":{"rendered":"https:\/\/www.bs-hof.de\/?page_id=510"},"modified":"2024-12-17T13:28:16","modified_gmt":"2024-12-17T12:28:16","slug":"foerderverein","status":"publish","type":"page","link":"https:\/\/www.bs-hof.de\/index.php\/fachschule-fuer-technik-hof\/foerderverein\/","title":{"rendered":"F\u00f6rderverein"},"content":{"rendered":"<p>[et_pb_section fb_built=&#8220;1&#8243; admin_label=&#8220;Gr\u00fcner Balken&#8220; _builder_version=&#8220;4.17.4&#8243; _module_preset=&#8220;default&#8220; background_color=&#8220;#A7C520&#8243; height=&#8220;3vh&#8220; custom_margin=&#8220;0px|0px|0px|0px|false|false&#8220; custom_padding=&#8220;0px|0px|0px|0px|false|false&#8220; collapsed=&#8220;on&#8220; global_colors_info=&#8220;{}&#8220; da_is_popup=&#8220;off&#8220; da_exit_intent=&#8220;off&#8220; da_has_close=&#8220;on&#8220; da_alt_close=&#8220;off&#8220; da_dark_close=&#8220;off&#8220; da_not_modal=&#8220;on&#8220; da_is_singular=&#8220;off&#8220; da_with_loader=&#8220;off&#8220; da_has_shadow=&#8220;on&#8220; da_disable_devices=&#8220;off|off|off&#8220;][\/et_pb_section][et_pb_section fb_built=&#8220;1&#8243; make_equal=&#8220;on&#8220; specialty=&#8220;on&#8220; admin_label=&#8220;Titel&#8220; _builder_version=&#8220;4.17.4&#8243; _module_preset=&#8220;default&#8220; use_background_color_gradient=&#8220;on&#8220; background_color_gradient_type=&#8220;elliptical&#8220; background_color_gradient_direction_radial=&#8220;bottom right&#8220; background_color_gradient_stops=&#8220;#f5f6f8 10%|#dce8a7 47%|#f5f6d4 72%&#8220; background_color_gradient_overlays_image=&#8220;on&#8220; background_color_gradient_start=&#8220;rgba(40,40,40,0.79)&#8220; background_color_gradient_end=&#8220;rgba(40,40,40,0.86)&#8220; background_enable_image=&#8220;off&#8220; background_enable_pattern_style=&#8220;on&#8220; background_pattern_style=&#8220;crosses&#8220; background_pattern_color=&#8220;rgba(0,0,0,0.05)&#8220; background_pattern_size=&#8220;custom&#8220; background_pattern_width=&#8220;53px&#8220; width=&#8220;100%&#8220; inner_width=&#8220;100%&#8220; inner_max_width=&#8220;80vw&#8220; custom_margin=&#8220;||||false&#8220; custom_padding=&#8220;1vw||1vw||true|false&#8220; collapsed=&#8220;on&#8220; global_colors_info=&#8220;{}&#8220; da_is_popup=&#8220;off&#8220; da_exit_intent=&#8220;off&#8220; da_has_close=&#8220;on&#8220; da_alt_close=&#8220;off&#8220; da_dark_close=&#8220;off&#8220; da_not_modal=&#8220;on&#8220; da_is_singular=&#8220;off&#8220; da_with_loader=&#8220;off&#8220; da_has_shadow=&#8220;on&#8220; da_disable_devices=&#8220;off|off|off&#8220;][et_pb_column type=&#8220;2_3&#8243; specialty_columns=&#8220;2&#8243; _builder_version=&#8220;4.16&#8243; custom_padding=&#8220;|||&#8220; global_colors_info=&#8220;{}&#8220; custom_padding__hover=&#8220;|||&#8220;][et_pb_row_inner _builder_version=&#8220;4.17.4&#8243; _module_preset=&#8220;default&#8220; width=&#8220;80%&#8220; global_colors_info=&#8220;{}&#8220;][et_pb_column_inner saved_specialty_column_type=&#8220;2_3&#8243; _builder_version=&#8220;4.17.4&#8243; _module_preset=&#8220;default&#8220; global_colors_info=&#8220;{}&#8220;][et_pb_text _builder_version=&#8220;4.19.4&#8243; _module_preset=&#8220;default&#8220; header_font=&#8220;|800|||||||&#8220; header_text_color=&#8220;#493F0B&#8220; header_font_size=&#8220;4em&#8220; global_colors_info=&#8220;{}&#8220;]<\/p>\n<h1>F\u00f6rder<br class=\"b-brk\" \/>verein<\/h1>\n<p>[\/et_pb_text][\/et_pb_column_inner][\/et_pb_row_inner][\/et_pb_column][et_pb_column type=&#8220;1_3&#8243; _builder_version=&#8220;4.16&#8243; custom_padding=&#8220;|||&#8220; global_colors_info=&#8220;{}&#8220; custom_padding__hover=&#8220;|||&#8220;][\/et_pb_column][\/et_pb_section][et_pb_section fb_built=&#8220;1&#8243; admin_label=&#8220;Fachbereiche&#8220; _builder_version=&#8220;4.17.4&#8243; _module_preset=&#8220;default&#8220; background_color=&#8220;RGBA(255,255,255,0)&#8220; custom_padding=&#8220;|||&#8220; animation_style=&#8220;slide&#8220; animation_direction=&#8220;top&#8220; animation_intensity_slide=&#8220;10%&#8220; box_shadow_style=&#8220;preset3&#8243; box_shadow_vertical=&#8220;10px&#8220; box_shadow_blur=&#8220;105px&#8220; box_shadow_spread=&#8220;0px&#8220; box_shadow_color=&#8220;rgba(0,0,0,0.12)&#8220; collapsed=&#8220;on&#8220; global_colors_info=&#8220;{}&#8220; da_is_popup=&#8220;off&#8220; da_exit_intent=&#8220;off&#8220; da_has_close=&#8220;on&#8220; da_alt_close=&#8220;off&#8220; da_dark_close=&#8220;off&#8220; da_not_modal=&#8220;on&#8220; da_is_singular=&#8220;off&#8220; da_with_loader=&#8220;off&#8220; da_has_shadow=&#8220;on&#8220; da_disable_devices=&#8220;off|off|off&#8220;][et_pb_row make_equal=&#8220;on&#8220; _builder_version=&#8220;4.17.4&#8243; _module_preset=&#8220;default&#8220; background_color=&#8220;RGBA(255,255,255,0)&#8220; max_width=&#8220;80%&#8220; custom_margin=&#8220;|||&#8220; use_custom_width=&#8220;on&#8220; width_unit=&#8220;off&#8220; global_colors_info=&#8220;{}&#8220;][et_pb_column type=&#8220;4_4&#8243; _builder_version=&#8220;4.16&#8243; _module_preset=&#8220;default&#8220; custom_padding=&#8220;|||&#8220; global_colors_info=&#8220;{}&#8220; custom_padding__hover=&#8220;|||&#8220;][et_pb_text module_id=&#8220;berufsaussichten&#8220; _builder_version=&#8220;4.17.4&#8243; _module_preset=&#8220;default&#8220; text_font=&#8220;||||||||&#8220; header_font=&#8220;||||||||&#8220; header_2_font=&#8220;Rubik|700|||||||&#8220; header_2_text_color=&#8220;#A7C520&#8243; header_2_font_size=&#8220;42px&#8220; header_2_line_height=&#8220;1.2em&#8220; module_alignment=&#8220;center&#8220; custom_margin=&#8220;|||&#8220; custom_padding=&#8220;|||&#8220; header_2_font_size_tablet=&#8220;&#8220; header_2_font_size_phone=&#8220;36px&#8220; header_2_font_size_last_edited=&#8220;on|phone&#8220; locked=&#8220;off&#8220; global_colors_info=&#8220;{}&#8220;]<\/p>\n<div class=\"csc-header csc-header-n1\">\n<div class=\"csc-header csc-header-n1\">\n<div class=\"csc-header csc-header-n2\">\n<div class=\"csc-header csc-header-n3\">\n<h2 class=\"csc-firstHeader\">Willkommen beim F\u00f6rderverein der Technikerschule Hof<\/h2>\n<\/div>\n<div class=\"csc-textpic-text\"><\/div>\n<\/div>\n<div class=\"csc-textpic-text\"><\/div>\n<\/div>\n<div class=\"csc-textpic-text\"><\/div>\n<\/div>\n<div class=\"csc-textpic-text\"><\/div>\n<p>[\/et_pb_text][\/et_pb_column][\/et_pb_row][et_pb_row column_structure=&#8220;1_2,1_2&#8243; make_equal=&#8220;on&#8220; _builder_version=&#8220;4.17.4&#8243; _module_preset=&#8220;default&#8220; background_color=&#8220;RGBA(255,255,255,0)&#8220; max_width=&#8220;80%&#8220; custom_margin=&#8220;|||&#8220; use_custom_width=&#8220;on&#8220; width_unit=&#8220;off&#8220; global_colors_info=&#8220;{}&#8220;][et_pb_column type=&#8220;1_2&#8243; _builder_version=&#8220;4.16&#8243; _module_preset=&#8220;default&#8220; custom_padding=&#8220;|||&#8220; global_colors_info=&#8220;{}&#8220; custom_padding__hover=&#8220;|||&#8220;][et_pb_text _builder_version=&#8220;4.27.3&#8243; _module_preset=&#8220;default&#8220; global_colors_info=&#8220;{}&#8220;]<\/p>\n<div id=\"c216\" class=\"csc-default\">\n<p class=\"bodytext\">Am 22.M\u00e4rz 1973 wurde der F\u00f6rderverein der Technikerschule Hof aus der Taufe gehoben. Dieser tr\u00e4gt den Namen:<\/p>\n<p class=\"bodytext\"><b><span>\u201eVerein zur F\u00f6rderung der Technikerschule Hof\/Saale e. V.\u201c<\/span><\/b><\/p>\n<p class=\"bodytext\">und ist eingetragen im Vereinsregister beim Amtsgericht Hof. Erster Vorsitzender ist Herr Alexander Frenzl.<\/p>\n<p class=\"bodytext\">\u00dcber den schulischen Normalbetrieb hinausgehende Ausgaben werden vom Schultr\u00e4ger kaum noch \u00fcbernommen. Moderne Labor- und Werkstattger\u00e4te, Modelle, Computer, Software, Internet, Projekttage und -vorhaben sowie Klassen-, Studien- und Seminarfahrten pr\u00e4gen ma\u00dfgebend die Attraktivit\u00e4t einer Schule und gew\u00e4hrleisten eine zeitgem\u00e4\u00dfe Ausbildung.<\/p>\n<p class=\"bodytext\">Mit Hilfe Ihrer Mitgliedsbeitr\u00e4ge und Spenden, die dem Verein zur F\u00f6rderung der Technikerschule Hof\/Saale e. V.\u00a0zur Verf\u00fcgung stehen, sollen solche Vorhaben realisiert werden. Daf\u00fcr sei allen Mitgliedern und Spendern im Voraus gedankt.<\/p>\n<p class=\"bodytext\">Finanzielle Hilfe und damit einen wertvollen Beitrag zur Ausbildungsf\u00f6rderung von Jugendlichen k\u00f6nnen Privatpersonen und Unternehmen durch ihre Mitgliedschaft im F\u00f6rderverein leisten. Der Verein ist vom Finanzamt als gemeinn\u00fctzig anerkannt und berechtigt, Zuwendungsbest\u00e4tigungen (Spendenquittungen) auszustellen.<\/p>\n<p class=\"bodytext\">\n<\/div>\n<div id=\"c801\" class=\"csc-default\">\n<div class=\"csc-textpic-text\">\n<p class=\"bodytext\">Unterst\u00fctzen Sie unsere Arbeit und werden auch Sie<span>\u00a0<\/span><a href=\"https:\/\/www.bs-hof.de\/wp-content\/uploads\/2023\/01\/Formular_Beitrittserklaerung_Techniker_Foerderverein.pdf\" title=\"Leitet Herunterladen der Datei ein\" class=\"download\" target=\"_blank\" rel=\"noopener\">Mitglied<\/a><span>\u00a0<\/span>im Verein zur F\u00f6rderung der Technikerschule Hof e.V.! Hier unter Download finden Sie die Beitrittserkl\u00e4rung, die Sie bitte herunterladen und uns dann per E-Mail, Post oder Fax schicken!<\/p>\n<p class=\"align-center\">Download <a href=\"https:\/\/www.bs-hof.de\/wp-content\/uploads\/2024\/12\/Formular_Beitrittserklaerung_Techniker_Foerderverein-2025.pdf\" rel=\"attachment wp-att-3063\">Formular_Beitrittserklaerung_Techniker_Foerderverein 2025<\/a><\/p>\n<\/div>\n<\/div>\n<p>[\/et_pb_text][\/et_pb_column][et_pb_column type=&#8220;1_2&#8243; _builder_version=&#8220;4.16&#8243; _module_preset=&#8220;default&#8220; custom_padding=&#8220;|||&#8220; global_colors_info=&#8220;{}&#8220; custom_padding__hover=&#8220;|||&#8220;][et_pb_text _builder_version=&#8220;4.17.4&#8243; _module_preset=&#8220;default&#8220; custom_margin=&#8220;||0px||false|false&#8220; global_colors_info=&#8220;{}&#8220;]<\/p>\n<div class=\"csc-header csc-header-n3\">\n<p><strong>Vorstand des F\u00f6rdervereins der Technikerschule Hof<\/strong><\/p>\n<\/div>\n<div class=\"csc-textpic csc-textpic-left csc-textpic-above\">\n<div class=\"csc-textpic-imagewrap\"><\/div>\n<\/div>\n<p>[\/et_pb_text][et_pb_image src=&#8220;https:\/\/www.bs-hof.de\/wp-content\/uploads\/2022\/09\/foerderverein_01.jpg&#8220; title_text=&#8220;foerderverein_01&#8243; _builder_version=&#8220;4.17.4&#8243; _module_preset=&#8220;default&#8220; custom_margin=&#8220;||0px||false|false&#8220; global_colors_info=&#8220;{}&#8220;][\/et_pb_image][et_pb_text _builder_version=&#8220;4.17.4&#8243; _module_preset=&#8220;default&#8220; global_colors_info=&#8220;{}&#8220;]<\/p>\n<p><span>Von links: Schriftf\u00fchrerin Michaela Jakob (SFT), 1. Vorsitzender Alexander Frenzl (Fa. Netzsch), 3. Vorsitzender Thomas Merkel (SFT) und 2. Vorsitzender Alexander Ott (SFT)<\/span><\/p>\n<p>[\/et_pb_text][et_pb_text _builder_version=&#8220;4.17.4&#8243; _module_preset=&#8220;default&#8220; custom_margin=&#8220;||0px||false|false&#8220; global_colors_info=&#8220;{}&#8220;]<\/p>\n<div class=\"csc-header csc-header-n3\">\n<div class=\"csc-header csc-header-n4\">\n<p><strong>Verabschiedung des ersten Vorsitzenden Gehard Magdt<\/strong><\/p>\n<\/div>\n<div class=\"csc-textpic csc-textpic-left csc-textpic-above\">\n<div class=\"csc-textpic-imagewrap\"><\/div>\n<\/div>\n<\/div>\n<div class=\"csc-textpic csc-textpic-left csc-textpic-above\">\n<div class=\"csc-textpic-imagewrap\"><\/div>\n<\/div>\n<p>[\/et_pb_text][et_pb_image src=&#8220;https:\/\/www.bs-hof.de\/wp-content\/uploads\/2022\/09\/foerderverein_02.jpg&#8220; title_text=&#8220;foerderverein_02&#8243; _builder_version=&#8220;4.17.4&#8243; _module_preset=&#8220;default&#8220; custom_margin=&#8220;||0px||false|false&#8220; global_colors_info=&#8220;{}&#8220;][\/et_pb_image][et_pb_text _builder_version=&#8220;4.17.4&#8243; _module_preset=&#8220;default&#8220; global_colors_info=&#8220;{}&#8220;]Von links: Heiko Medick (Fa. kama), 2. Vorsitzender Alexander Ott (SFT), Gerhard Magdt (Fa. kama) und 3. Vorsitzender Thomas Merkel (SFT)[\/et_pb_text][\/et_pb_column][\/et_pb_row][\/et_pb_section]<\/p>\n","protected":false},"excerpt":{"rendered":"<p>F\u00f6rderverein Willkommen beim F\u00f6rderverein der Technikerschule Hof Am 22.M\u00e4rz 1973 wurde der F\u00f6rderverein der Technikerschule Hof aus der Taufe gehoben. Dieser tr\u00e4gt den Namen: \u201eVerein zur F\u00f6rderung der Technikerschule Hof\/Saale e. V.\u201c und ist eingetragen im Vereinsregister beim Amtsgericht Hof. Erster Vorsitzender ist Herr Alexander Frenzl. \u00dcber den schulischen Normalbetrieb hinausgehende Ausgaben werden vom Schultr\u00e4ger [&hellip;]<\/p>\n","protected":false},"author":7,"featured_media":0,"parent":119,"menu_order":0,"comment_status":"closed","ping_status":"closed","template":"","meta":{"_et_pb_use_builder":"on","_et_pb_old_content":"<!-- wp:divi\/placeholder \/-->","_et_gb_content_width":"","inline_featured_image":false,"footnotes":""},"class_list":["post-510","page","type-page","status-publish","hentry"],"_links":{"self":[{"href":"https:\/\/www.bs-hof.de\/index.php\/wp-json\/wp\/v2\/pages\/510","targetHints":{"allow":["GET"]}}],"collection":[{"href":"https:\/\/www.bs-hof.de\/index.php\/wp-json\/wp\/v2\/pages"}],"about":[{"href":"https:\/\/www.bs-hof.de\/index.php\/wp-json\/wp\/v2\/types\/page"}],"author":[{"embeddable":true,"href":"https:\/\/www.bs-hof.de\/index.php\/wp-json\/wp\/v2\/users\/7"}],"replies":[{"embeddable":true,"href":"https:\/\/www.bs-hof.de\/index.php\/wp-json\/wp\/v2\/comments?post=510"}],"version-history":[{"count":7,"href":"https:\/\/www.bs-hof.de\/index.php\/wp-json\/wp\/v2\/pages\/510\/revisions"}],"predecessor-version":[{"id":3065,"href":"https:\/\/www.bs-hof.de\/index.php\/wp-json\/wp\/v2\/pages\/510\/revisions\/3065"}],"up":[{"embeddable":true,"href":"https:\/\/www.bs-hof.de\/index.php\/wp-json\/wp\/v2\/pages\/119"}],"wp:attachment":[{"href":"https:\/\/www.bs-hof.de\/index.php\/wp-json\/wp\/v2\/media?parent=510"}],"curies":[{"name":"wp","href":"https:\/\/api.w.org\/{rel}","templated":true}]}}